{"id":1987,"date":"2026-01-22T16:25:07","date_gmt":"2026-01-22T16:25:07","guid":{"rendered":"https:\/\/www.magdacsutak.at\/?page_id=1987"},"modified":"2026-01-22T16:28:54","modified_gmt":"2026-01-22T16:28:54","slug":"1974-1977-in-bukarest","status":"publish","type":"page","link":"https:\/\/www.magdacsutak.at\/?page_id=1987&lang=de","title":{"rendered":"1974-1977 IN BUKAREST"},"content":{"rendered":"<div class=\"gb-container gb-container-0d304b19\"><div class=\"gb-inside-container\">\n\n<h5 class=\"gb-headline gb-headline-b26c339c gb-headline-text\"><strong>POSITIV, NEGATIV<\/strong><\/h5>\n\n\n<figure class=\"gb-block-image gb-block-image-15ac18a9\"><a href=\"https:\/\/www.magdacsutak.at\/wp-content\/uploads\/2012\/05\/B010_n.jpg\"><img loading=\"lazy\" decoding=\"async\" width=\"800\" height=\"590\" class=\"gb-image gb-image-15ac18a9\" src=\"http:\/\/www.magdacsutak.at\/wp-content\/uploads\/2012\/05\/B010_n.jpg\" alt=\"\" title=\"B010_n\" srcset=\"https:\/\/www.magdacsutak.at\/wp-content\/uploads\/2012\/05\/B010_n.jpg 800w, https:\/\/www.magdacsutak.at\/wp-content\/uploads\/2012\/05\/B010_n-155x114.jpg 155w, https:\/\/www.magdacsutak.at\/wp-content\/uploads\/2012\/05\/B010_n-300x221.jpg 300w, https:\/\/www.magdacsutak.at\/wp-content\/uploads\/2012\/05\/B010_n-510x376.jpg 510w\" sizes=\"auto, (max-width: 800px) 100vw, 800px\" \/><\/a><\/figure>\n\n\n<p class=\"gb-headline gb-headline-27fdac16 gb-headline-text\"><em>\u201eNr\u2026\u2026..\u201c<\/em>\/ Porzellan, Glas \/ 190 \u00d7 65 \u00d7 25 cm \/ 1975<\/p>\n\n\n\n<div style=\"height:70px\" aria-hidden=\"true\" class=\"wp-block-spacer\"><\/div>\n\n<\/div><\/div>\n\n<div class=\"gb-container gb-container-188efe1d\"><div class=\"gb-inside-container\">\n<figure class=\"gb-block-image gb-block-image-5140fff7\"><a href=\"https:\/\/www.magdacsutak.at\/wp-content\/uploads\/2012\/05\/B002_n.jpg\"><img loading=\"lazy\" decoding=\"async\" width=\"800\" height=\"529\" class=\"gb-image gb-image-5140fff7\" src=\"http:\/\/www.magdacsutak.at\/wp-content\/uploads\/2012\/05\/B002_n.jpg\" alt=\"\" title=\"B002_n\" srcset=\"https:\/\/www.magdacsutak.at\/wp-content\/uploads\/2012\/05\/B002_n.jpg 800w, https:\/\/www.magdacsutak.at\/wp-content\/uploads\/2012\/05\/B002_n-155x102.jpg 155w, https:\/\/www.magdacsutak.at\/wp-content\/uploads\/2012\/05\/B002_n-300x198.jpg 300w, https:\/\/www.magdacsutak.at\/wp-content\/uploads\/2012\/05\/B002_n-510x337.jpg 510w\" sizes=\"auto, (max-width: 800px) 100vw, 800px\" \/><\/a><\/figure>\n\n<figure class=\"gb-block-image gb-block-image-46a1f16f\"><a href=\"https:\/\/www.magdacsutak.at\/wp-content\/uploads\/2012\/05\/B004_n.jpg\"><img loading=\"lazy\" decoding=\"async\" width=\"800\" height=\"583\" class=\"gb-image gb-image-46a1f16f\" src=\"http:\/\/www.magdacsutak.at\/wp-content\/uploads\/2012\/05\/B004_n.jpg\" alt=\"\" title=\"B004_n\" srcset=\"https:\/\/www.magdacsutak.at\/wp-content\/uploads\/2012\/05\/B004_n.jpg 800w, https:\/\/www.magdacsutak.at\/wp-content\/uploads\/2012\/05\/B004_n-155x112.jpg 155w, https:\/\/www.magdacsutak.at\/wp-content\/uploads\/2012\/05\/B004_n-300x218.jpg 300w, https:\/\/www.magdacsutak.at\/wp-content\/uploads\/2012\/05\/B004_n-510x371.jpg 510w\" sizes=\"auto, (max-width: 800px) 100vw, 800px\" \/><\/a><\/figure>\n\n\n<p class=\"gb-headline gb-headline-cc6b6cc6 gb-headline-text\"><em><em>Knochenhart<\/em> \/ <\/em>Porzellan, Eisen \/ 200 x 90 x 40 cm \/ 1976<\/p>\n\n\n\n<div style=\"height:70px\" aria-hidden=\"true\" class=\"wp-block-spacer\"><\/div>\n\n<\/div><\/div>\n\n<div class=\"gb-container gb-container-18237670\"><div class=\"gb-inside-container\">\n<figure class=\"gb-block-image gb-block-image-20631721\"><a href=\"https:\/\/www.magdacsutak.at\/wp-content\/uploads\/2012\/05\/B003_n.jpg\"><img loading=\"lazy\" decoding=\"async\" width=\"800\" height=\"529\" class=\"gb-image gb-image-20631721\" src=\"http:\/\/www.magdacsutak.at\/wp-content\/uploads\/2012\/05\/B003_n.jpg\" alt=\"\" title=\"B003_n\" srcset=\"https:\/\/www.magdacsutak.at\/wp-content\/uploads\/2012\/05\/B003_n.jpg 800w, https:\/\/www.magdacsutak.at\/wp-content\/uploads\/2012\/05\/B003_n-150x99.jpg 150w, https:\/\/www.magdacsutak.at\/wp-content\/uploads\/2012\/05\/B003_n-300x198.jpg 300w, https:\/\/www.magdacsutak.at\/wp-content\/uploads\/2012\/05\/B003_n-510x337.jpg 510w\" sizes=\"auto, (max-width: 800px) 100vw, 800px\" \/><\/a><\/figure>\n\n\n<p class=\"gb-headline gb-headline-da49cf16 gb-headline-text\"><em><em><em>Knochenhart<\/em> \/ <\/em><\/em>Porzellan, Holz \/ 1976<\/p>\n\n\n\n<div style=\"height:70px\" aria-hidden=\"true\" class=\"wp-block-spacer\"><\/div>\n\n<\/div><\/div>\n\n<div class=\"gb-container gb-container-b92da89c\"><div class=\"gb-inside-container\">\n<figure class=\"gb-block-image gb-block-image-0bf68763\"><a href=\"https:\/\/www.magdacsutak.at\/wp-content\/uploads\/2012\/05\/pozitiv_negativ_47.jpg\"><img loading=\"lazy\" decoding=\"async\" width=\"800\" height=\"816\" class=\"gb-image gb-image-0bf68763\" src=\"http:\/\/www.magdacsutak.at\/wp-content\/uploads\/2012\/05\/pozitiv_negativ_47.jpg\" alt=\"\" title=\"pozitiv_negativ_47\" srcset=\"https:\/\/www.magdacsutak.at\/wp-content\/uploads\/2012\/05\/pozitiv_negativ_47.jpg 800w, https:\/\/www.magdacsutak.at\/wp-content\/uploads\/2012\/05\/pozitiv_negativ_47-155x158.jpg 155w, https:\/\/www.magdacsutak.at\/wp-content\/uploads\/2012\/05\/pozitiv_negativ_47-294x300.jpg 294w, https:\/\/www.magdacsutak.at\/wp-content\/uploads\/2012\/05\/pozitiv_negativ_47-510x520.jpg 510w\" sizes=\"auto, (max-width: 800px) 100vw, 800px\" \/><\/a><\/figure>\n\n<figure class=\"gb-block-image gb-block-image-94c69ace\"><a href=\"https:\/\/www.magdacsutak.at\/wp-content\/uploads\/2012\/05\/B005.jpg\"><img loading=\"lazy\" decoding=\"async\" width=\"800\" height=\"608\" class=\"gb-image gb-image-94c69ace\" src=\"http:\/\/www.magdacsutak.at\/wp-content\/uploads\/2012\/05\/B005.jpg\" alt=\"\" title=\"B005\" srcset=\"https:\/\/www.magdacsutak.at\/wp-content\/uploads\/2012\/05\/B005.jpg 800w, https:\/\/www.magdacsutak.at\/wp-content\/uploads\/2012\/05\/B005-155x117.jpg 155w, https:\/\/www.magdacsutak.at\/wp-content\/uploads\/2012\/05\/B005-300x228.jpg 300w, https:\/\/www.magdacsutak.at\/wp-content\/uploads\/2012\/05\/B005-510x387.jpg 510w\" sizes=\"auto, (max-width: 800px) 100vw, 800px\" \/><\/a><\/figure>\n\n\n<p class=\"gb-headline gb-headline-35f79927 gb-headline-text\"><em><em>1, 2 <em>Koordinatensystem<\/em> \/<\/em><\/em> Aluminium, Glas, Knochenporzellan, Platin 106 x 75 x 55cm \/ 1976<em><em><br>3, 4 <em>Positiv, Negativ<\/em> \/ <\/em><\/em>Knochenporzellan, Platin \/ 15 x 10,7 x 14cm \/ 1976<\/p>\n\n\n\n<div style=\"height:70px\" aria-hidden=\"true\" class=\"wp-block-spacer\"><\/div>\n\n<\/div><\/div>\n\n<div class=\"gb-container gb-container-e5e91654\"><div class=\"gb-inside-container\">\n<figure class=\"gb-block-image gb-block-image-a241e606\"><a href=\"https:\/\/www.magdacsutak.at\/wp-content\/uploads\/2012\/05\/pozitiv_negativ_2db.jpg\"><img loading=\"lazy\" decoding=\"async\" width=\"800\" height=\"375\" class=\"gb-image gb-image-a241e606\" src=\"http:\/\/www.magdacsutak.at\/wp-content\/uploads\/2012\/05\/pozitiv_negativ_2db.jpg\" alt=\"\" title=\"pozitiv_negativ_2db\" srcset=\"https:\/\/www.magdacsutak.at\/wp-content\/uploads\/2012\/05\/pozitiv_negativ_2db.jpg 800w, https:\/\/www.magdacsutak.at\/wp-content\/uploads\/2012\/05\/pozitiv_negativ_2db-155x72.jpg 155w, https:\/\/www.magdacsutak.at\/wp-content\/uploads\/2012\/05\/pozitiv_negativ_2db-300x140.jpg 300w, https:\/\/www.magdacsutak.at\/wp-content\/uploads\/2012\/05\/pozitiv_negativ_2db-510x239.jpg 510w\" sizes=\"auto, (max-width: 800px) 100vw, 800px\" \/><\/a><\/figure>\n\n\n<p class=\"gb-headline gb-headline-261e58a3 gb-headline-text\"><em><em><em>Positiv, Negativ<\/em> \/<\/em><\/em> Fayence<\/p>\n\n\n\n<div style=\"height:70px\" aria-hidden=\"true\" class=\"wp-block-spacer\"><\/div>\n\n<\/div><\/div>\n\n<div class=\"gb-container gb-container-1e484668\"><div class=\"gb-inside-container\">\n<figure class=\"gb-block-image gb-block-image-4c5507fb\"><a href=\"https:\/\/www.magdacsutak.at\/wp-content\/uploads\/2012\/05\/B008_n.jpg\"><img loading=\"lazy\" decoding=\"async\" width=\"785\" height=\"502\" class=\"gb-image gb-image-4c5507fb\" src=\"http:\/\/www.magdacsutak.at\/wp-content\/uploads\/2012\/05\/B008_n.jpg\" alt=\"\" title=\"Positiv, Negativ \/ Fayence, Glas \/ 1974\" srcset=\"https:\/\/www.magdacsutak.at\/wp-content\/uploads\/2012\/05\/B008_n.jpg 785w, https:\/\/www.magdacsutak.at\/wp-content\/uploads\/2012\/05\/B008_n-155x99.jpg 155w, https:\/\/www.magdacsutak.at\/wp-content\/uploads\/2012\/05\/B008_n-300x191.jpg 300w, https:\/\/www.magdacsutak.at\/wp-content\/uploads\/2012\/05\/B008_n-510x326.jpg 510w\" sizes=\"auto, (max-width: 785px) 100vw, 785px\" \/><\/a><\/figure>\n\n<figure class=\"gb-block-image gb-block-image-ff5427f7\"><a href=\"https:\/\/www.magdacsutak.at\/wp-content\/uploads\/2012\/05\/B009_n.jpg\"><img loading=\"lazy\" decoding=\"async\" width=\"800\" height=\"522\" class=\"gb-image gb-image-ff5427f7\" src=\"http:\/\/www.magdacsutak.at\/wp-content\/uploads\/2012\/05\/B009_n.jpg\" alt=\"\" title=\"Positiv, Negativ \/ Fayence, Glas \/ 1974\" srcset=\"https:\/\/www.magdacsutak.at\/wp-content\/uploads\/2012\/05\/B009_n.jpg 800w, https:\/\/www.magdacsutak.at\/wp-content\/uploads\/2012\/05\/B009_n-155x101.jpg 155w, https:\/\/www.magdacsutak.at\/wp-content\/uploads\/2012\/05\/B009_n-300x195.jpg 300w, https:\/\/www.magdacsutak.at\/wp-content\/uploads\/2012\/05\/B009_n-510x332.jpg 510w\" sizes=\"auto, (max-width: 800px) 100vw, 800px\" \/><\/a><\/figure>\n\n\n<p class=\"gb-headline gb-headline-534f2777 gb-headline-text\"><em><em><em><em>Positiv, Negativ<\/em> \/ <\/em><\/em><\/em>Fayence, Glas \/ 1974<\/p>\n\n\n\n<div style=\"height:70px\" aria-hidden=\"true\" class=\"wp-block-spacer\"><\/div>\n\n<\/div><\/div>\n\n<div class=\"gb-container gb-container-588bc3c9\"><div class=\"gb-inside-container\">\n<figure class=\"gb-block-image gb-block-image-aca25a4e\"><a href=\"https:\/\/www.magdacsutak.at\/wp-content\/uploads\/2012\/05\/B090_n.jpg\"><img loading=\"lazy\" decoding=\"async\" width=\"800\" height=\"681\" class=\"gb-image gb-image-aca25a4e\" src=\"http:\/\/www.magdacsutak.at\/wp-content\/uploads\/2012\/05\/B090_n.jpg\" alt=\"\" title=\" Spielsache \/ Porzellan \/ 46 x 42 x 32 cm \/ 1975 \" srcset=\"https:\/\/www.magdacsutak.at\/wp-content\/uploads\/2012\/05\/B090_n.jpg 800w, https:\/\/www.magdacsutak.at\/wp-content\/uploads\/2012\/05\/B090_n-155x131.jpg 155w, https:\/\/www.magdacsutak.at\/wp-content\/uploads\/2012\/05\/B090_n-300x255.jpg 300w, https:\/\/www.magdacsutak.at\/wp-content\/uploads\/2012\/05\/B090_n-510x434.jpg 510w\" sizes=\"auto, (max-width: 800px) 100vw, 800px\" \/><\/a><\/figure>\n\n\n<p class=\"gb-headline gb-headline-7b8519e3 gb-headline-text\"><em><em><em><em><em>Spielsache<\/em> \/<\/em><\/em><\/em><\/em> Porzellan \/ 46 x 42 x 32 cm \/ 1975<\/p>\n\n\n\n<div style=\"height:70px\" aria-hidden=\"true\" class=\"wp-block-spacer\"><\/div>\n\n<\/div><\/div>\n\n<div class=\"gb-container gb-container-864d06f7\"><div class=\"gb-inside-container\">\n<figure class=\"gb-block-image gb-block-image-7ee9f950\"><a href=\"https:\/\/www.magdacsutak.at\/wp-content\/uploads\/2012\/05\/B007_n.jpg\"><img loading=\"lazy\" decoding=\"async\" width=\"800\" height=\"610\" class=\"gb-image gb-image-7ee9f950\" src=\"http:\/\/www.magdacsutak.at\/wp-content\/uploads\/2012\/05\/B007_n.jpg\" alt=\"\" title=\"Brille-auge \/ Steinzeug, Glasur \/\" srcset=\"https:\/\/www.magdacsutak.at\/wp-content\/uploads\/2012\/05\/B007_n.jpg 800w, https:\/\/www.magdacsutak.at\/wp-content\/uploads\/2012\/05\/B007_n-155x118.jpg 155w, https:\/\/www.magdacsutak.at\/wp-content\/uploads\/2012\/05\/B007_n-300x228.jpg 300w, https:\/\/www.magdacsutak.at\/wp-content\/uploads\/2012\/05\/B007_n-510x388.jpg 510w\" sizes=\"auto, (max-width: 800px) 100vw, 800px\" \/><\/a><\/figure>\n\n<figure class=\"gb-block-image gb-block-image-87bdc2bd\"><a href=\"https:\/\/www.magdacsutak.at\/wp-content\/uploads\/2012\/05\/B087_n.jpg\"><img loading=\"lazy\" decoding=\"async\" width=\"800\" height=\"783\" class=\"gb-image gb-image-87bdc2bd\" src=\"http:\/\/www.magdacsutak.at\/wp-content\/uploads\/2012\/05\/B087_n.jpg\" alt=\"\" title=\"Brille-auge \/ Steinzeug, Glasur \/\" srcset=\"https:\/\/www.magdacsutak.at\/wp-content\/uploads\/2012\/05\/B087_n.jpg 800w, https:\/\/www.magdacsutak.at\/wp-content\/uploads\/2012\/05\/B087_n-155x151.jpg 155w, https:\/\/www.magdacsutak.at\/wp-content\/uploads\/2012\/05\/B087_n-300x293.jpg 300w, https:\/\/www.magdacsutak.at\/wp-content\/uploads\/2012\/05\/B087_n-510x499.jpg 510w\" sizes=\"auto, (max-width: 800px) 100vw, 800px\" \/><\/a><\/figure>\n\n\n<p class=\"gb-headline gb-headline-5e272823 gb-headline-text\"><em><em><em><em><em><em>Brille-auge <\/em>\/ <\/em><\/em><\/em><\/em><\/em>Steinzeug, Glasur \/<\/p>\n\n\n\n<div style=\"height:70px\" aria-hidden=\"true\" class=\"wp-block-spacer\"><\/div>\n\n<\/div><\/div>\n\n<div class=\"gb-container gb-container-ab11e74b\"><div class=\"gb-inside-container\">\n\n<h5 class=\"gb-headline gb-headline-47b44f2f gb-headline-text\"><strong><strong>LAND ART SYMPOSIUM, MEDGIDIA, 1972<\/strong><\/strong><\/h5>\n\n\n<figure class=\"gb-block-image gb-block-image-71b274ab\"><a href=\"https:\/\/www.magdacsutak.at\/wp-content\/uploads\/2012\/05\/Medgidia.jpg\"><img loading=\"lazy\" decoding=\"async\" width=\"800\" height=\"483\" class=\"gb-image gb-image-71b274ab\" src=\"http:\/\/www.magdacsutak.at\/wp-content\/uploads\/2012\/05\/Medgidia.jpg\" alt=\"\" title=\"Zu Ehren der Erde \/ Schamott \/ 3 x 3 m2\" srcset=\"https:\/\/www.magdacsutak.at\/wp-content\/uploads\/2012\/05\/Medgidia.jpg 800w, https:\/\/www.magdacsutak.at\/wp-content\/uploads\/2012\/05\/Medgidia-155x93.jpg 155w, https:\/\/www.magdacsutak.at\/wp-content\/uploads\/2012\/05\/Medgidia-300x181.jpg 300w, https:\/\/www.magdacsutak.at\/wp-content\/uploads\/2012\/05\/Medgidia-510x307.jpg 510w\" sizes=\"auto, (max-width: 800px) 100vw, 800px\" \/><\/a><\/figure>\n\n<figure class=\"gb-block-image gb-block-image-fda508f1\"><a href=\"https:\/\/www.magdacsutak.at\/wp-content\/uploads\/2012\/05\/Medgidia078.jpg\"><img loading=\"lazy\" decoding=\"async\" width=\"800\" height=\"504\" class=\"gb-image gb-image-fda508f1\" src=\"http:\/\/www.magdacsutak.at\/wp-content\/uploads\/2012\/05\/Medgidia078.jpg\" alt=\"\" title=\"Zu Ehren der Erde \/ Schamott \/ 3 x 3 m2\" srcset=\"https:\/\/www.magdacsutak.at\/wp-content\/uploads\/2012\/05\/Medgidia078.jpg 800w, https:\/\/www.magdacsutak.at\/wp-content\/uploads\/2012\/05\/Medgidia078-155x97.jpg 155w, https:\/\/www.magdacsutak.at\/wp-content\/uploads\/2012\/05\/Medgidia078-300x189.jpg 300w, https:\/\/www.magdacsutak.at\/wp-content\/uploads\/2012\/05\/Medgidia078-510x321.jpg 510w\" sizes=\"auto, (max-width: 800px) 100vw, 800px\" \/><\/a><\/figure>\n\n<figure class=\"gb-block-image gb-block-image-c303eb8b\"><a href=\"https:\/\/www.magdacsutak.at\/wp-content\/uploads\/2012\/05\/Medgidia079.jpg\"><img loading=\"lazy\" decoding=\"async\" width=\"800\" height=\"371\" class=\"gb-image gb-image-c303eb8b\" src=\"http:\/\/www.magdacsutak.at\/wp-content\/uploads\/2012\/05\/Medgidia079.jpg\" alt=\"\" title=\"Medgidia079\" srcset=\"https:\/\/www.magdacsutak.at\/wp-content\/uploads\/2012\/05\/Medgidia079.jpg 800w, https:\/\/www.magdacsutak.at\/wp-content\/uploads\/2012\/05\/Medgidia079-155x71.jpg 155w, https:\/\/www.magdacsutak.at\/wp-content\/uploads\/2012\/05\/Medgidia079-300x139.jpg 300w, https:\/\/www.magdacsutak.at\/wp-content\/uploads\/2012\/05\/Medgidia079-510x236.jpg 510w\" sizes=\"auto, (max-width: 800px) 100vw, 800px\" \/><\/a><\/figure>\n\n<figure class=\"gb-block-image gb-block-image-0ad6c84c\"><a href=\"https:\/\/www.magdacsutak.at\/wp-content\/uploads\/2012\/05\/Medgidia080.jpg\"><img loading=\"lazy\" decoding=\"async\" width=\"800\" height=\"645\" class=\"gb-image gb-image-0ad6c84c\" src=\"http:\/\/www.magdacsutak.at\/wp-content\/uploads\/2012\/05\/Medgidia080.jpg\" alt=\"\" title=\"Zu Ehren der Erde \/ Schamott \/ 3 x 3 m2\" srcset=\"https:\/\/www.magdacsutak.at\/wp-content\/uploads\/2012\/05\/Medgidia080.jpg 800w, https:\/\/www.magdacsutak.at\/wp-content\/uploads\/2012\/05\/Medgidia080-155x124.jpg 155w, https:\/\/www.magdacsutak.at\/wp-content\/uploads\/2012\/05\/Medgidia080-300x241.jpg 300w, https:\/\/www.magdacsutak.at\/wp-content\/uploads\/2012\/05\/Medgidia080-510x411.jpg 510w\" sizes=\"auto, (max-width: 800px) 100vw, 800px\" \/><\/a><\/figure>\n\n<figure class=\"gb-block-image gb-block-image-6a9ef1ff\"><a href=\"https:\/\/www.magdacsutak.at\/wp-content\/uploads\/2012\/05\/Medgidia082.jpg\"><img loading=\"lazy\" decoding=\"async\" width=\"800\" height=\"505\" class=\"gb-image gb-image-6a9ef1ff\" src=\"http:\/\/www.magdacsutak.at\/wp-content\/uploads\/2012\/05\/Medgidia082.jpg\" alt=\"\" title=\"Zu Ehren der Erde \/ Schamott \/ 3 x 3 m2\" srcset=\"https:\/\/www.magdacsutak.at\/wp-content\/uploads\/2012\/05\/Medgidia082.jpg 800w, https:\/\/www.magdacsutak.at\/wp-content\/uploads\/2012\/05\/Medgidia082-155x97.jpg 155w, https:\/\/www.magdacsutak.at\/wp-content\/uploads\/2012\/05\/Medgidia082-300x189.jpg 300w, https:\/\/www.magdacsutak.at\/wp-content\/uploads\/2012\/05\/Medgidia082-510x321.jpg 510w\" sizes=\"auto, (max-width: 800px) 100vw, 800px\" \/><\/a><\/figure>\n\n<figure class=\"gb-block-image gb-block-image-4210c3db\"><a href=\"https:\/\/www.magdacsutak.at\/wp-content\/uploads\/2012\/05\/Medgidia083.jpg\"><img loading=\"lazy\" decoding=\"async\" width=\"790\" height=\"466\" class=\"gb-image gb-image-4210c3db\" src=\"http:\/\/www.magdacsutak.at\/wp-content\/uploads\/2012\/05\/Medgidia083.jpg\" alt=\"\" title=\"Zu Ehren der Erde \/ Schamott \/ 3 x 3 m2\" srcset=\"https:\/\/www.magdacsutak.at\/wp-content\/uploads\/2012\/05\/Medgidia083.jpg 790w, https:\/\/www.magdacsutak.at\/wp-content\/uploads\/2012\/05\/Medgidia083-155x91.jpg 155w, https:\/\/www.magdacsutak.at\/wp-content\/uploads\/2012\/05\/Medgidia083-300x176.jpg 300w, https:\/\/www.magdacsutak.at\/wp-content\/uploads\/2012\/05\/Medgidia083-510x300.jpg 510w\" sizes=\"auto, (max-width: 790px) 100vw, 790px\" \/><\/a><\/figure>\n\n<figure class=\"gb-block-image gb-block-image-022c1f9d\"><a href=\"https:\/\/www.magdacsutak.at\/wp-content\/uploads\/2012\/05\/Medgidia084.jpg\"><img loading=\"lazy\" decoding=\"async\" width=\"800\" height=\"739\" class=\"gb-image gb-image-022c1f9d\" src=\"http:\/\/www.magdacsutak.at\/wp-content\/uploads\/2012\/05\/Medgidia084.jpg\" alt=\"\" title=\"Zu Ehren der Erde \/ Schamott \/ 3 x 3 m2\" srcset=\"https:\/\/www.magdacsutak.at\/wp-content\/uploads\/2012\/05\/Medgidia084.jpg 800w, https:\/\/www.magdacsutak.at\/wp-content\/uploads\/2012\/05\/Medgidia084-155x143.jpg 155w, https:\/\/www.magdacsutak.at\/wp-content\/uploads\/2012\/05\/Medgidia084-300x277.jpg 300w, https:\/\/www.magdacsutak.at\/wp-content\/uploads\/2012\/05\/Medgidia084-510x471.jpg 510w\" sizes=\"auto, (max-width: 800px) 100vw, 800px\" \/><\/a><\/figure>\n\n\n<p class=\"gb-headline gb-headline-245563c5 gb-headline-text\"><em><em>Zu Ehren der Erde<\/em> \/ <\/em>Schamott \/ 3 x 3 m<sup>2<\/sup> \/ Land Art Symposium Medgidia \/ 1972<\/p>\n\n\n\n<p class=\"gb-headline gb-headline-9188eb73 gb-headline-text\">Anmerkung :<br><strong>ZU EHREN DER ERDE<\/strong><br>Das je in 1m<sup>2<\/sup> Formen gegliedertes, tonnenschweres Werk bette ich in den Boden ein, so das eine Ambivalenz entsteht: aus dem Boden hervorschie\u00dfende arch\u00e4ologische bzw. als Meteorite einschlagende Elemente. Das Werk wurde sp\u00e4ter willk\u00fcrlich mit den anderen Werken \u201evereinheitlicht\u201c:der B\u00fcrgermeister lie\u00df es im Rahmen der Versch\u00f6nung des Parkes, \u00e4hnlich wie die \u00fcbrigen Werke, auf einem Postament aufstellen.<\/p>\n\n\n\n<div style=\"height:70px\" aria-hidden=\"true\" class=\"wp-block-spacer\"><\/div>\n\n<\/div><\/div>","protected":false},"excerpt":{"rendered":"<p>POSITIV, NEGATIV \u201eNr\u2026\u2026..\u201c\/ Porzellan, Glas \/ 190 \u00d7 65 \u00d7 25 cm \/ 1975 Knochenhart \/ Porzellan, Eisen \/ 200 x 90 x 40 cm \/ 1976 Knochenhart \/ Porzellan, Holz \/ 1976 1, 2 Koordinatensystem \/ Aluminium, Glas, Knochenporzellan, Platin 106 x 75 x 55cm \/ 19763, 4 Positiv, Negativ \/ Knochenporzellan, Platin \/ &#8230; <a title=\"1974-1977 IN BUKAREST\" class=\"read-more\" href=\"https:\/\/www.magdacsutak.at\/?page_id=1987&#038;lang=de\" aria-label=\"Read more about 1974-1977 IN BUKAREST\">Read more<\/a><\/p>\n","protected":false},"author":1,"featured_media":0,"parent":0,"menu_order":2,"comment_status":"closed","ping_status":"closed","template":"","meta":{"footnotes":""},"class_list":["post-1987","page","type-page","status-publish"],"_links":{"self":[{"href":"https:\/\/www.magdacsutak.at\/index.php?rest_route=\/wp\/v2\/pages\/1987","targetHints":{"allow":["GET"]}}],"collection":[{"href":"https:\/\/www.magdacsutak.at\/index.php?rest_route=\/wp\/v2\/pages"}],"about":[{"href":"https:\/\/www.magdacsutak.at\/index.php?rest_route=\/wp\/v2\/types\/page"}],"author":[{"embeddable":true,"href":"https:\/\/www.magdacsutak.at\/index.php?rest_route=\/wp\/v2\/users\/1"}],"replies":[{"embeddable":true,"href":"https:\/\/www.magdacsutak.at\/index.php?rest_route=%2Fwp%2Fv2%2Fcomments&post=1987"}],"version-history":[{"count":2,"href":"https:\/\/www.magdacsutak.at\/index.php?rest_route=\/wp\/v2\/pages\/1987\/revisions"}],"predecessor-version":[{"id":1990,"href":"https:\/\/www.magdacsutak.at\/index.php?rest_route=\/wp\/v2\/pages\/1987\/revisions\/1990"}],"wp:attachment":[{"href":"https:\/\/www.magdacsutak.at\/index.php?rest_route=%2Fwp%2Fv2%2Fmedia&parent=1987"}],"curies":[{"name":"wp","href":"https:\/\/api.w.org\/{rel}","templated":true}]}}