{"id":2011,"date":"2026-01-22T17:18:56","date_gmt":"2026-01-22T17:18:56","guid":{"rendered":"https:\/\/www.magdacsutak.at\/?page_id=2011"},"modified":"2026-01-22T17:19:01","modified_gmt":"2026-01-22T17:19:01","slug":"taktilitat-visualitat","status":"publish","type":"page","link":"https:\/\/www.magdacsutak.at\/?page_id=2011&lang=de","title":{"rendered":"TAKTILIT\u00c4T \u2013VISUALIT\u00c4T"},"content":{"rendered":"<div class=\"gb-container gb-container-0d304b19\"><div class=\"gb-inside-container\">\n<figure class=\"gb-block-image gb-block-image-15ac18a9\"><a href=\"https:\/\/www.magdacsutak.at\/wp-content\/uploads\/2012\/06\/W071_n.jpg\"><img loading=\"lazy\" decoding=\"async\" width=\"800\" height=\"521\" class=\"gb-image gb-image-15ac18a9\" src=\"http:\/\/www.magdacsutak.at\/wp-content\/uploads\/2012\/06\/W071_n.jpg\" alt=\"\" title=\"Taktilit\u00e4t-Visualit\u00e4t\" srcset=\"https:\/\/www.magdacsutak.at\/wp-content\/uploads\/2012\/06\/W071_n.jpg 800w, https:\/\/www.magdacsutak.at\/wp-content\/uploads\/2012\/06\/W071_n-155x100.jpg 155w, https:\/\/www.magdacsutak.at\/wp-content\/uploads\/2012\/06\/W071_n-300x195.jpg 300w, https:\/\/www.magdacsutak.at\/wp-content\/uploads\/2012\/06\/W071_n-510x332.jpg 510w\" sizes=\"auto, (max-width: 800px) 100vw, 800px\" \/><\/a><\/figure>\n<\/div><\/div>\n\n<div class=\"gb-container gb-container-dc128100\"><div class=\"gb-inside-container\">\n<figure class=\"gb-block-image gb-block-image-64b645ee\"><a href=\"https:\/\/www.magdacsutak.at\/wp-content\/uploads\/2012\/06\/taktilitat4dia.jpg\"><img loading=\"lazy\" decoding=\"async\" width=\"800\" height=\"251\" class=\"gb-image gb-image-64b645ee\" src=\"http:\/\/www.magdacsutak.at\/wp-content\/uploads\/2012\/06\/taktilitat4dia.jpg\" alt=\"\" title=\"taktilitat4dia\" srcset=\"https:\/\/www.magdacsutak.at\/wp-content\/uploads\/2012\/06\/taktilitat4dia.jpg 800w, https:\/\/www.magdacsutak.at\/wp-content\/uploads\/2012\/06\/taktilitat4dia-155x48.jpg 155w, https:\/\/www.magdacsutak.at\/wp-content\/uploads\/2012\/06\/taktilitat4dia-300x94.jpg 300w, https:\/\/www.magdacsutak.at\/wp-content\/uploads\/2012\/06\/taktilitat4dia-510x160.jpg 510w\" sizes=\"auto, (max-width: 800px) 100vw, 800px\" \/><\/a><\/figure>\n\n\n<p class=\"gb-headline gb-headline-1a601a41 gb-headline-text\"><em><em><em><em><em>Taktilit\u00e4t-Visualit\u00e4t<\/em><\/em><\/em><\/em>, <\/em>Gro\u00dfweikersdorf, 1981<\/p>\n\n\n\n<div style=\"height:70px\" aria-hidden=\"true\" class=\"wp-block-spacer\"><\/div>\n\n<\/div><\/div>","protected":false},"excerpt":{"rendered":"<p>Taktilit\u00e4t-Visualit\u00e4t, Gro\u00dfweikersdorf, 1981<\/p>\n","protected":false},"author":1,"featured_media":0,"parent":2000,"menu_order":5,"comment_status":"closed","ping_status":"closed","template":"","meta":{"footnotes":""},"class_list":["post-2011","page","type-page","status-publish"],"_links":{"self":[{"href":"https:\/\/www.magdacsutak.at\/index.php?rest_route=\/wp\/v2\/pages\/2011","targetHints":{"allow":["GET"]}}],"collection":[{"href":"https:\/\/www.magdacsutak.at\/index.php?rest_route=\/wp\/v2\/pages"}],"about":[{"href":"https:\/\/www.magdacsutak.at\/index.php?rest_route=\/wp\/v2\/types\/page"}],"author":[{"embeddable":true,"href":"https:\/\/www.magdacsutak.at\/index.php?rest_route=\/wp\/v2\/users\/1"}],"replies":[{"embeddable":true,"href":"https:\/\/www.magdacsutak.at\/index.php?rest_route=%2Fwp%2Fv2%2Fcomments&post=2011"}],"version-history":[{"count":1,"href":"https:\/\/www.magdacsutak.at\/index.php?rest_route=\/wp\/v2\/pages\/2011\/revisions"}],"predecessor-version":[{"id":2012,"href":"https:\/\/www.magdacsutak.at\/index.php?rest_route=\/wp\/v2\/pages\/2011\/revisions\/2012"}],"up":[{"embeddable":true,"href":"https:\/\/www.magdacsutak.at\/index.php?rest_route=\/wp\/v2\/pages\/2000"}],"wp:attachment":[{"href":"https:\/\/www.magdacsutak.at\/index.php?rest_route=%2Fwp%2Fv2%2Fmedia&parent=2011"}],"curies":[{"name":"wp","href":"https:\/\/api.w.org\/{rel}","templated":true}]}}