{"id":2020,"date":"2026-01-22T17:40:43","date_gmt":"2026-01-22T17:40:43","guid":{"rendered":"https:\/\/www.magdacsutak.at\/?page_id=2020"},"modified":"2026-01-22T17:40:48","modified_gmt":"2026-01-22T17:40:48","slug":"christlich-judisch-2","status":"publish","type":"page","link":"https:\/\/www.magdacsutak.at\/?page_id=2020&lang=de","title":{"rendered":"CHRISTLICH \u2013 J\u00dcDISCH"},"content":{"rendered":"<div class=\"gb-container gb-container-0d304b19\"><div class=\"gb-inside-container\">\n\n<h5 class=\"gb-headline gb-headline-b26c339c gb-headline-text\"><strong><strong><strong><strong>GEMEINSAM MIT MIKL\u00d3S ERD\u00c9LY<\/strong><\/strong><\/strong><\/strong><\/h5>\n\n\n<figure class=\"gb-block-image gb-block-image-15ac18a9\"><a href=\"https:\/\/www.magdacsutak.at\/wp-content\/uploads\/2012\/06\/Meghivo1.jpg\"><img loading=\"lazy\" decoding=\"async\" width=\"522\" height=\"800\" class=\"gb-image gb-image-15ac18a9\" src=\"http:\/\/www.magdacsutak.at\/wp-content\/uploads\/2012\/06\/Meghivo1.jpg\" alt=\"\" title=\"Meghivo1\" srcset=\"https:\/\/www.magdacsutak.at\/wp-content\/uploads\/2012\/06\/Meghivo1.jpg 522w, https:\/\/www.magdacsutak.at\/wp-content\/uploads\/2012\/06\/Meghivo1-117x180.jpg 117w, https:\/\/www.magdacsutak.at\/wp-content\/uploads\/2012\/06\/Meghivo1-195x300.jpg 195w, https:\/\/www.magdacsutak.at\/wp-content\/uploads\/2012\/06\/Meghivo1-510x781.jpg 510w\" sizes=\"auto, (max-width: 522px) 100vw, 522px\" \/><\/a><\/figure>\n\n<figure class=\"gb-block-image gb-block-image-4d4aaa6a\"><a href=\"https:\/\/www.magdacsutak.at\/wp-content\/uploads\/2012\/06\/Meghivo2.jpg\"><img loading=\"lazy\" decoding=\"async\" width=\"800\" height=\"522\" class=\"gb-image gb-image-4d4aaa6a\" src=\"http:\/\/www.magdacsutak.at\/wp-content\/uploads\/2012\/06\/Meghivo2.jpg\" alt=\"\" title=\"Meghivo2\" srcset=\"https:\/\/www.magdacsutak.at\/wp-content\/uploads\/2012\/06\/Meghivo2.jpg 800w, https:\/\/www.magdacsutak.at\/wp-content\/uploads\/2012\/06\/Meghivo2-155x101.jpg 155w, https:\/\/www.magdacsutak.at\/wp-content\/uploads\/2012\/06\/Meghivo2-300x195.jpg 300w, https:\/\/www.magdacsutak.at\/wp-content\/uploads\/2012\/06\/Meghivo2-510x332.jpg 510w\" sizes=\"auto, (max-width: 800px) 100vw, 800px\" \/><\/a><\/figure>\n\n<figure class=\"gb-block-image gb-block-image-46f2fa1d\"><a href=\"https:\/\/www.magdacsutak.at\/wp-content\/uploads\/2012\/06\/001_n.jpg\"><img loading=\"lazy\" decoding=\"async\" width=\"800\" height=\"1222\" class=\"gb-image gb-image-46f2fa1d\" src=\"http:\/\/www.magdacsutak.at\/wp-content\/uploads\/2012\/06\/001_n.jpg\" alt=\"\" title=\"001_n\" srcset=\"https:\/\/www.magdacsutak.at\/wp-content\/uploads\/2012\/06\/001_n.jpg 800w, https:\/\/www.magdacsutak.at\/wp-content\/uploads\/2012\/06\/001_n-117x180.jpg 117w, https:\/\/www.magdacsutak.at\/wp-content\/uploads\/2012\/06\/001_n-196x300.jpg 196w, https:\/\/www.magdacsutak.at\/wp-content\/uploads\/2012\/06\/001_n-510x779.jpg 510w\" sizes=\"auto, (max-width: 800px) 100vw, 800px\" \/><\/a><\/figure>\n\n<figure class=\"gb-block-image gb-block-image-7346d5ce\"><a href=\"https:\/\/www.magdacsutak.at\/wp-content\/uploads\/2012\/06\/004_n.jpg\"><img loading=\"lazy\" decoding=\"async\" width=\"800\" height=\"525\" class=\"gb-image gb-image-7346d5ce\" src=\"http:\/\/www.magdacsutak.at\/wp-content\/uploads\/2012\/06\/004_n.jpg\" alt=\"\" title=\"Christlich\u2013 J\u00fcdisch\" srcset=\"https:\/\/www.magdacsutak.at\/wp-content\/uploads\/2012\/06\/004_n.jpg 800w, https:\/\/www.magdacsutak.at\/wp-content\/uploads\/2012\/06\/004_n-155x101.jpg 155w, https:\/\/www.magdacsutak.at\/wp-content\/uploads\/2012\/06\/004_n-300x196.jpg 300w, https:\/\/www.magdacsutak.at\/wp-content\/uploads\/2012\/06\/004_n-510x334.jpg 510w\" sizes=\"auto, (max-width: 800px) 100vw, 800px\" \/><\/a><\/figure>\n\n<figure class=\"gb-block-image gb-block-image-49afec6b\"><a href=\"https:\/\/www.magdacsutak.at\/wp-content\/uploads\/2012\/06\/005_n.jpg\"><img loading=\"lazy\" decoding=\"async\" width=\"800\" height=\"523\" class=\"gb-image gb-image-49afec6b\" src=\"http:\/\/www.magdacsutak.at\/wp-content\/uploads\/2012\/06\/005_n.jpg\" alt=\"\" title=\"Christlich\u2013 J\u00fcdisch\" srcset=\"https:\/\/www.magdacsutak.at\/wp-content\/uploads\/2012\/06\/005_n.jpg 800w, https:\/\/www.magdacsutak.at\/wp-content\/uploads\/2012\/06\/005_n-155x101.jpg 155w, https:\/\/www.magdacsutak.at\/wp-content\/uploads\/2012\/06\/005_n-300x196.jpg 300w, https:\/\/www.magdacsutak.at\/wp-content\/uploads\/2012\/06\/005_n-510x333.jpg 510w\" sizes=\"auto, (max-width: 800px) 100vw, 800px\" \/><\/a><\/figure>\n\n<figure class=\"gb-block-image gb-block-image-35dc54c0\"><a href=\"https:\/\/www.magdacsutak.at\/wp-content\/uploads\/2012\/06\/006_n.jpg\"><img loading=\"lazy\" decoding=\"async\" width=\"800\" height=\"531\" class=\"gb-image gb-image-35dc54c0\" src=\"http:\/\/www.magdacsutak.at\/wp-content\/uploads\/2012\/06\/006_n.jpg\" alt=\"\" title=\"Christlich\u2013 J\u00fcdisch\" srcset=\"https:\/\/www.magdacsutak.at\/wp-content\/uploads\/2012\/06\/006_n.jpg 800w, https:\/\/www.magdacsutak.at\/wp-content\/uploads\/2012\/06\/006_n-155x102.jpg 155w, https:\/\/www.magdacsutak.at\/wp-content\/uploads\/2012\/06\/006_n-300x199.jpg 300w, https:\/\/www.magdacsutak.at\/wp-content\/uploads\/2012\/06\/006_n-510x338.jpg 510w\" sizes=\"auto, (max-width: 800px) 100vw, 800px\" \/><\/a><\/figure>\n\n<figure class=\"gb-block-image gb-block-image-da5e6eb2\"><a href=\"https:\/\/www.magdacsutak.at\/wp-content\/uploads\/2012\/06\/007_n.jpg\"><img loading=\"lazy\" decoding=\"async\" width=\"800\" height=\"530\" class=\"gb-image gb-image-da5e6eb2\" src=\"http:\/\/www.magdacsutak.at\/wp-content\/uploads\/2012\/06\/007_n.jpg\" alt=\"\" title=\"Christlich\u2013 J\u00fcdisch\" srcset=\"https:\/\/www.magdacsutak.at\/wp-content\/uploads\/2012\/06\/007_n.jpg 800w, https:\/\/www.magdacsutak.at\/wp-content\/uploads\/2012\/06\/007_n-155x102.jpg 155w, https:\/\/www.magdacsutak.at\/wp-content\/uploads\/2012\/06\/007_n-300x198.jpg 300w, https:\/\/www.magdacsutak.at\/wp-content\/uploads\/2012\/06\/007_n-510x337.jpg 510w\" sizes=\"auto, (max-width: 800px) 100vw, 800px\" \/><\/a><\/figure>\n\n<figure class=\"gb-block-image gb-block-image-7c724147\"><a href=\"https:\/\/www.magdacsutak.at\/wp-content\/uploads\/2012\/06\/008_n.jpg\"><img loading=\"lazy\" decoding=\"async\" width=\"800\" height=\"528\" class=\"gb-image gb-image-7c724147\" src=\"http:\/\/www.magdacsutak.at\/wp-content\/uploads\/2012\/06\/008_n.jpg\" alt=\"\" title=\"Christlich\u2013 J\u00fcdisch\" srcset=\"https:\/\/www.magdacsutak.at\/wp-content\/uploads\/2012\/06\/008_n.jpg 800w, https:\/\/www.magdacsutak.at\/wp-content\/uploads\/2012\/06\/008_n-155x102.jpg 155w, https:\/\/www.magdacsutak.at\/wp-content\/uploads\/2012\/06\/008_n-300x198.jpg 300w, https:\/\/www.magdacsutak.at\/wp-content\/uploads\/2012\/06\/008_n-510x336.jpg 510w\" sizes=\"auto, (max-width: 800px) 100vw, 800px\" \/><\/a><\/figure>\n\n<figure class=\"gb-block-image gb-block-image-6a56a04e\"><a href=\"https:\/\/www.magdacsutak.at\/wp-content\/uploads\/2012\/06\/010_n.jpg\"><img loading=\"lazy\" decoding=\"async\" width=\"800\" height=\"529\" class=\"gb-image gb-image-6a56a04e\" src=\"http:\/\/www.magdacsutak.at\/wp-content\/uploads\/2012\/06\/010_n.jpg\" alt=\"\" title=\"Christlich\u2013 J\u00fcdisch\" srcset=\"https:\/\/www.magdacsutak.at\/wp-content\/uploads\/2012\/06\/010_n.jpg 800w, https:\/\/www.magdacsutak.at\/wp-content\/uploads\/2012\/06\/010_n-155x102.jpg 155w, https:\/\/www.magdacsutak.at\/wp-content\/uploads\/2012\/06\/010_n-300x198.jpg 300w, https:\/\/www.magdacsutak.at\/wp-content\/uploads\/2012\/06\/010_n-510x337.jpg 510w\" sizes=\"auto, (max-width: 800px) 100vw, 800px\" \/><\/a><\/figure>\n\n<figure class=\"gb-block-image gb-block-image-c6fd6e17\"><a href=\"https:\/\/www.magdacsutak.at\/wp-content\/uploads\/2012\/06\/011_n.jpg\"><img loading=\"lazy\" decoding=\"async\" width=\"800\" height=\"519\" class=\"gb-image gb-image-c6fd6e17\" src=\"http:\/\/www.magdacsutak.at\/wp-content\/uploads\/2012\/06\/011_n.jpg\" alt=\"\" title=\"Christlich\u2013 J\u00fcdisch\" srcset=\"https:\/\/www.magdacsutak.at\/wp-content\/uploads\/2012\/06\/011_n.jpg 800w, https:\/\/www.magdacsutak.at\/wp-content\/uploads\/2012\/06\/011_n-155x100.jpg 155w, https:\/\/www.magdacsutak.at\/wp-content\/uploads\/2012\/06\/011_n-300x194.jpg 300w, https:\/\/www.magdacsutak.at\/wp-content\/uploads\/2012\/06\/011_n-510x330.jpg 510w\" sizes=\"auto, (max-width: 800px) 100vw, 800px\" \/><\/a><\/figure>\n\n<figure class=\"gb-block-image gb-block-image-a3b91ef9\"><a href=\"https:\/\/www.magdacsutak.at\/wp-content\/uploads\/2012\/06\/013_n.jpg\"><img loading=\"lazy\" decoding=\"async\" width=\"800\" height=\"536\" class=\"gb-image gb-image-a3b91ef9\" src=\"http:\/\/www.magdacsutak.at\/wp-content\/uploads\/2012\/06\/013_n.jpg\" alt=\"\" title=\"Christlich\u2013 J\u00fcdisch\" srcset=\"https:\/\/www.magdacsutak.at\/wp-content\/uploads\/2012\/06\/013_n.jpg 800w, https:\/\/www.magdacsutak.at\/wp-content\/uploads\/2012\/06\/013_n-155x103.jpg 155w, https:\/\/www.magdacsutak.at\/wp-content\/uploads\/2012\/06\/013_n-300x201.jpg 300w, https:\/\/www.magdacsutak.at\/wp-content\/uploads\/2012\/06\/013_n-510x341.jpg 510w\" sizes=\"auto, (max-width: 800px) 100vw, 800px\" \/><\/a><\/figure>\n\n<figure class=\"gb-block-image gb-block-image-1d45c26e\"><a href=\"https:\/\/www.magdacsutak.at\/wp-content\/uploads\/2012\/06\/016.jpg\"><img loading=\"lazy\" decoding=\"async\" width=\"800\" height=\"532\" class=\"gb-image gb-image-1d45c26e\" src=\"http:\/\/www.magdacsutak.at\/wp-content\/uploads\/2012\/06\/016.jpg\" alt=\"\" title=\"016\" srcset=\"https:\/\/www.magdacsutak.at\/wp-content\/uploads\/2012\/06\/016.jpg 800w, https:\/\/www.magdacsutak.at\/wp-content\/uploads\/2012\/06\/016-155x103.jpg 155w, https:\/\/www.magdacsutak.at\/wp-content\/uploads\/2012\/06\/016-300x199.jpg 300w, https:\/\/www.magdacsutak.at\/wp-content\/uploads\/2012\/06\/016-510x339.jpg 510w\" sizes=\"auto, (max-width: 800px) 100vw, 800px\" \/><\/a><\/figure>\n\n<figure class=\"gb-block-image gb-block-image-e0d4c455\"><a href=\"https:\/\/www.magdacsutak.at\/wp-content\/uploads\/2012\/06\/017_n.jpg\"><img loading=\"lazy\" decoding=\"async\" width=\"800\" height=\"1206\" class=\"gb-image gb-image-e0d4c455\" src=\"http:\/\/www.magdacsutak.at\/wp-content\/uploads\/2012\/06\/017_n.jpg\" alt=\"\" title=\"Christlich\u2013 J\u00fcdisch\" srcset=\"https:\/\/www.magdacsutak.at\/wp-content\/uploads\/2012\/06\/017_n.jpg 800w, https:\/\/www.magdacsutak.at\/wp-content\/uploads\/2012\/06\/017_n-119x180.jpg 119w, https:\/\/www.magdacsutak.at\/wp-content\/uploads\/2012\/06\/017_n-199x300.jpg 199w, https:\/\/www.magdacsutak.at\/wp-content\/uploads\/2012\/06\/017_n-510x768.jpg 510w\" sizes=\"auto, (max-width: 800px) 100vw, 800px\" \/><\/a><\/figure>\n\n<figure class=\"gb-block-image gb-block-image-95f85788\"><a href=\"https:\/\/www.magdacsutak.at\/wp-content\/uploads\/2012\/06\/018_n.jpg\"><img loading=\"lazy\" decoding=\"async\" width=\"800\" height=\"522\" class=\"gb-image gb-image-95f85788\" src=\"http:\/\/www.magdacsutak.at\/wp-content\/uploads\/2012\/06\/018_n.jpg\" alt=\"\" title=\"Christlich\u2013 J\u00fcdisch\" srcset=\"https:\/\/www.magdacsutak.at\/wp-content\/uploads\/2012\/06\/018_n.jpg 800w, https:\/\/www.magdacsutak.at\/wp-content\/uploads\/2012\/06\/018_n-155x101.jpg 155w, https:\/\/www.magdacsutak.at\/wp-content\/uploads\/2012\/06\/018_n-300x195.jpg 300w, https:\/\/www.magdacsutak.at\/wp-content\/uploads\/2012\/06\/018_n-510x332.jpg 510w\" sizes=\"auto, (max-width: 800px) 100vw, 800px\" \/><\/a><\/figure>\n\n<figure class=\"gb-block-image gb-block-image-77b9b2ae\"><a href=\"https:\/\/www.magdacsutak.at\/wp-content\/uploads\/2012\/06\/019_n1.jpg\"><img loading=\"lazy\" decoding=\"async\" width=\"800\" height=\"1208\" class=\"gb-image gb-image-77b9b2ae\" src=\"http:\/\/www.magdacsutak.at\/wp-content\/uploads\/2012\/06\/019_n1.jpg\" alt=\"\" title=\"019_n\" srcset=\"https:\/\/www.magdacsutak.at\/wp-content\/uploads\/2012\/06\/019_n1.jpg 800w, https:\/\/www.magdacsutak.at\/wp-content\/uploads\/2012\/06\/019_n1-119x180.jpg 119w, https:\/\/www.magdacsutak.at\/wp-content\/uploads\/2012\/06\/019_n1-198x300.jpg 198w, https:\/\/www.magdacsutak.at\/wp-content\/uploads\/2012\/06\/019_n1-510x770.jpg 510w\" sizes=\"auto, (max-width: 800px) 100vw, 800px\" \/><\/a><\/figure>\n\n<figure class=\"gb-block-image gb-block-image-747291c2\"><a href=\"https:\/\/www.magdacsutak.at\/wp-content\/uploads\/2012\/06\/024_n.jpg\"><img loading=\"lazy\" decoding=\"async\" width=\"800\" height=\"1216\" class=\"gb-image gb-image-747291c2\" src=\"http:\/\/www.magdacsutak.at\/wp-content\/uploads\/2012\/06\/024_n.jpg\" alt=\"\" title=\"Christlich\u2013 J\u00fcdisch\" srcset=\"https:\/\/www.magdacsutak.at\/wp-content\/uploads\/2012\/06\/024_n.jpg 800w, https:\/\/www.magdacsutak.at\/wp-content\/uploads\/2012\/06\/024_n-118x180.jpg 118w, https:\/\/www.magdacsutak.at\/wp-content\/uploads\/2012\/06\/024_n-197x300.jpg 197w, https:\/\/www.magdacsutak.at\/wp-content\/uploads\/2012\/06\/024_n-510x775.jpg 510w\" sizes=\"auto, (max-width: 800px) 100vw, 800px\" \/><\/a><\/figure>\n\n<figure class=\"gb-block-image gb-block-image-5ad88083\"><a href=\"https:\/\/www.magdacsutak.at\/wp-content\/uploads\/2012\/06\/026_n.jpg\"><img loading=\"lazy\" decoding=\"async\" width=\"800\" height=\"521\" class=\"gb-image gb-image-5ad88083\" src=\"http:\/\/www.magdacsutak.at\/wp-content\/uploads\/2012\/06\/026_n.jpg\" alt=\"\" title=\"Christlich\u2013 J\u00fcdisch\" srcset=\"https:\/\/www.magdacsutak.at\/wp-content\/uploads\/2012\/06\/026_n.jpg 800w, https:\/\/www.magdacsutak.at\/wp-content\/uploads\/2012\/06\/026_n-155x100.jpg 155w, https:\/\/www.magdacsutak.at\/wp-content\/uploads\/2012\/06\/026_n-300x195.jpg 300w, https:\/\/www.magdacsutak.at\/wp-content\/uploads\/2012\/06\/026_n-510x332.jpg 510w\" sizes=\"auto, (max-width: 800px) 100vw, 800px\" \/><\/a><\/figure>\n\n<figure class=\"gb-block-image gb-block-image-e1faad88\"><a href=\"https:\/\/www.magdacsutak.at\/wp-content\/uploads\/2012\/06\/Magda_dia_01.jpg\"><img loading=\"lazy\" decoding=\"async\" width=\"800\" height=\"526\" class=\"gb-image gb-image-e1faad88\" src=\"http:\/\/www.magdacsutak.at\/wp-content\/uploads\/2012\/06\/Magda_dia_01.jpg\" alt=\"\" title=\"Christlich\u2013 J\u00fcdisch\" srcset=\"https:\/\/www.magdacsutak.at\/wp-content\/uploads\/2012\/06\/Magda_dia_01.jpg 800w, https:\/\/www.magdacsutak.at\/wp-content\/uploads\/2012\/06\/Magda_dia_01-155x101.jpg 155w, https:\/\/www.magdacsutak.at\/wp-content\/uploads\/2012\/06\/Magda_dia_01-300x197.jpg 300w, https:\/\/www.magdacsutak.at\/wp-content\/uploads\/2012\/06\/Magda_dia_01-510x335.jpg 510w\" sizes=\"auto, (max-width: 800px) 100vw, 800px\" \/><\/a><\/figure>\n\n\n<p class=\"gb-headline gb-headline-27fdac16 gb-headline-text\">Mikl\u00f3s Erd\u00e9ly Rauminstallation<\/p>\n\n\n<figure class=\"gb-block-image gb-block-image-c38e238a\"><a href=\"https:\/\/www.magdacsutak.at\/wp-content\/uploads\/2018\/03\/Dobos-torta.jpeg\"><img loading=\"lazy\" decoding=\"async\" width=\"2048\" height=\"1280\" class=\"gb-image gb-image-c38e238a\" src=\"http:\/\/www.magdacsutak.at\/wp-content\/uploads\/2018\/03\/Dobos-torta.jpeg\" alt=\"Dobos torta\" title=\"Dobos torta\" srcset=\"https:\/\/www.magdacsutak.at\/wp-content\/uploads\/2018\/03\/Dobos-torta.jpeg 2048w, https:\/\/www.magdacsutak.at\/wp-content\/uploads\/2018\/03\/Dobos-torta-155x97.jpeg 155w, https:\/\/www.magdacsutak.at\/wp-content\/uploads\/2018\/03\/Dobos-torta-300x188.jpeg 300w, https:\/\/www.magdacsutak.at\/wp-content\/uploads\/2018\/03\/Dobos-torta-768x480.jpeg 768w, https:\/\/www.magdacsutak.at\/wp-content\/uploads\/2018\/03\/Dobos-torta-510x319.jpeg 510w\" sizes=\"auto, (max-width: 2048px) 100vw, 2048px\" \/><\/a><\/figure>\n\n\n<p class=\"gb-headline gb-headline-2f15a007 gb-headline-text\"><em>Dobos Torte<\/em> \/ Mazza, Papier, Porzellan<\/p>\n\n\n\n<div style=\"height:70px\" aria-hidden=\"true\" class=\"wp-block-spacer\"><\/div>\n\n<\/div><\/div>","protected":false},"excerpt":{"rendered":"<p>GEMEINSAM MIT MIKL\u00d3S ERD\u00c9LY Mikl\u00f3s Erd\u00e9ly Rauminstallation Dobos Torte \/ Mazza, Papier, Porzellan<\/p>\n","protected":false},"author":1,"featured_media":0,"parent":0,"menu_order":7,"comment_status":"closed","ping_status":"closed","template":"","meta":{"footnotes":""},"class_list":["post-2020","page","type-page","status-publish"],"_links":{"self":[{"href":"https:\/\/www.magdacsutak.at\/index.php?rest_route=\/wp\/v2\/pages\/2020","targetHints":{"allow":["GET"]}}],"collection":[{"href":"https:\/\/www.magdacsutak.at\/index.php?rest_route=\/wp\/v2\/pages"}],"about":[{"href":"https:\/\/www.magdacsutak.at\/index.php?rest_route=\/wp\/v2\/types\/page"}],"author":[{"embeddable":true,"href":"https:\/\/www.magdacsutak.at\/index.php?rest_route=\/wp\/v2\/users\/1"}],"replies":[{"embeddable":true,"href":"https:\/\/www.magdacsutak.at\/index.php?rest_route=%2Fwp%2Fv2%2Fcomments&post=2020"}],"version-history":[{"count":2,"href":"https:\/\/www.magdacsutak.at\/index.php?rest_route=\/wp\/v2\/pages\/2020\/revisions"}],"predecessor-version":[{"id":2022,"href":"https:\/\/www.magdacsutak.at\/index.php?rest_route=\/wp\/v2\/pages\/2020\/revisions\/2022"}],"wp:attachment":[{"href":"https:\/\/www.magdacsutak.at\/index.php?rest_route=%2Fwp%2Fv2%2Fmedia&parent=2020"}],"curies":[{"name":"wp","href":"https:\/\/api.w.org\/{rel}","templated":true}]}}