{"id":2032,"date":"2026-01-22T18:07:01","date_gmt":"2026-01-22T18:07:01","guid":{"rendered":"https:\/\/www.magdacsutak.at\/?page_id=2032"},"modified":"2026-01-22T18:07:14","modified_gmt":"2026-01-22T18:07:14","slug":"still-leben-2","status":"publish","type":"page","link":"https:\/\/www.magdacsutak.at\/?page_id=2032&lang=de","title":{"rendered":"STILL LEBEN"},"content":{"rendered":"<div class=\"gb-container gb-container-188efe1d\"><div class=\"gb-inside-container\">\n<figure class=\"gb-block-image gb-block-image-5140fff7\"><a href=\"https:\/\/www.magdacsutak.at\/wp-content\/uploads\/2012\/06\/Tobbszoros_muforditas.jpg\"><img loading=\"lazy\" decoding=\"async\" width=\"800\" height=\"1144\" class=\"gb-image gb-image-5140fff7\" src=\"http:\/\/www.magdacsutak.at\/wp-content\/uploads\/2012\/06\/Tobbszoros_muforditas.jpg\" alt=\"\" title=\"Mehrfache \u00dcbersetzung (durch Bin\u00e4rrechnung)\" srcset=\"https:\/\/www.magdacsutak.at\/wp-content\/uploads\/2012\/06\/Tobbszoros_muforditas.jpg 800w, https:\/\/www.magdacsutak.at\/wp-content\/uploads\/2012\/06\/Tobbszoros_muforditas-125x180.jpg 125w, https:\/\/www.magdacsutak.at\/wp-content\/uploads\/2012\/06\/Tobbszoros_muforditas-209x300.jpg 209w, https:\/\/www.magdacsutak.at\/wp-content\/uploads\/2012\/06\/Tobbszoros_muforditas-510x729.jpg 510w\" sizes=\"auto, (max-width: 800px) 100vw, 800px\" \/><\/a><\/figure>\n\n\n<p class=\"gb-headline gb-headline-cc6b6cc6 gb-headline-text\"><em>Mehrfache \u00dcbersetzung<\/em> (durch Bin\u00e4rrechnung) \/ Karton, 21x 14,5cm \/ 1996<\/p>\n\n\n\n<div style=\"height:70px\" aria-hidden=\"true\" class=\"wp-block-spacer\"><\/div>\n\n<\/div><\/div>\n\n<div class=\"gb-container gb-container-0d074fd4\"><div class=\"gb-inside-container\">\n<figure class=\"gb-block-image gb-block-image-a0ad6e80\"><a href=\"https:\/\/www.magdacsutak.at\/wp-content\/uploads\/2012\/06\/L068.jpg\"><img loading=\"lazy\" decoding=\"async\" width=\"800\" height=\"647\" class=\"gb-image gb-image-a0ad6e80\" src=\"http:\/\/www.magdacsutak.at\/wp-content\/uploads\/2012\/06\/L068.jpg\" alt=\"\" title=\"Granula von gleicher Korngr\u00f6\u00dfe\" srcset=\"https:\/\/www.magdacsutak.at\/wp-content\/uploads\/2012\/06\/L068.jpg 800w, https:\/\/www.magdacsutak.at\/wp-content\/uploads\/2012\/06\/L068-155x125.jpg 155w, https:\/\/www.magdacsutak.at\/wp-content\/uploads\/2012\/06\/L068-300x242.jpg 300w, https:\/\/www.magdacsutak.at\/wp-content\/uploads\/2012\/06\/L068-510x412.jpg 510w\" sizes=\"auto, (max-width: 800px) 100vw, 800px\" \/><\/a><\/figure>\n\n<figure class=\"gb-block-image gb-block-image-c413cc12\"><a href=\"https:\/\/www.magdacsutak.at\/wp-content\/uploads\/2012\/06\/L058_n.jpg\"><img loading=\"lazy\" decoding=\"async\" width=\"800\" height=\"581\" class=\"gb-image gb-image-c413cc12\" src=\"http:\/\/www.magdacsutak.at\/wp-content\/uploads\/2012\/06\/L058_n.jpg\" alt=\"\" title=\"L058_n\" srcset=\"https:\/\/www.magdacsutak.at\/wp-content\/uploads\/2012\/06\/L058_n.jpg 800w, https:\/\/www.magdacsutak.at\/wp-content\/uploads\/2012\/06\/L058_n-155x112.jpg 155w, https:\/\/www.magdacsutak.at\/wp-content\/uploads\/2012\/06\/L058_n-300x217.jpg 300w, https:\/\/www.magdacsutak.at\/wp-content\/uploads\/2012\/06\/L058_n-510x370.jpg 510w\" sizes=\"auto, (max-width: 800px) 100vw, 800px\" \/><\/a><\/figure>\n\n\n<p class=\"gb-headline gb-headline-be6fa953 gb-headline-text\">Granula von gleicher Korngr\u00f6\u00dfe, 1-2-3 Graphitschichten, \u00d6lfarbe, Silber \/ einzeln<br>28 x 23 cm \/ 1995<\/p>\n\n\n\n<div style=\"height:70px\" aria-hidden=\"true\" class=\"wp-block-spacer\"><\/div>\n\n<\/div><\/div>\n\n<div class=\"gb-container gb-container-08385e91\"><div class=\"gb-inside-container\">\n<figure class=\"gb-block-image gb-block-image-c272e49a\"><a href=\"https:\/\/www.magdacsutak.at\/wp-content\/uploads\/2012\/06\/L059.jpg\"><img loading=\"lazy\" decoding=\"async\" width=\"800\" height=\"608\" class=\"gb-image gb-image-c272e49a\" src=\"http:\/\/www.magdacsutak.at\/wp-content\/uploads\/2012\/06\/L059.jpg\" alt=\"\" title=\"L059\" srcset=\"https:\/\/www.magdacsutak.at\/wp-content\/uploads\/2012\/06\/L059.jpg 800w, https:\/\/www.magdacsutak.at\/wp-content\/uploads\/2012\/06\/L059-155x117.jpg 155w, https:\/\/www.magdacsutak.at\/wp-content\/uploads\/2012\/06\/L059-300x228.jpg 300w, https:\/\/www.magdacsutak.at\/wp-content\/uploads\/2012\/06\/L059-510x387.jpg 510w\" sizes=\"auto, (max-width: 800px) 100vw, 800px\" \/><\/a><\/figure>\n\n<figure class=\"gb-block-image gb-block-image-83d7c105\"><a href=\"https:\/\/www.magdacsutak.at\/wp-content\/uploads\/2012\/06\/L061.jpg\"><img loading=\"lazy\" decoding=\"async\" width=\"800\" height=\"622\" class=\"gb-image gb-image-83d7c105\" src=\"http:\/\/www.magdacsutak.at\/wp-content\/uploads\/2012\/06\/L061.jpg\" alt=\"\" title=\"L061\" srcset=\"https:\/\/www.magdacsutak.at\/wp-content\/uploads\/2012\/06\/L061.jpg 800w, https:\/\/www.magdacsutak.at\/wp-content\/uploads\/2012\/06\/L061-155x120.jpg 155w, https:\/\/www.magdacsutak.at\/wp-content\/uploads\/2012\/06\/L061-300x233.jpg 300w, https:\/\/www.magdacsutak.at\/wp-content\/uploads\/2012\/06\/L061-510x396.jpg 510w\" sizes=\"auto, (max-width: 800px) 100vw, 800px\" \/><\/a><\/figure>\n\n\n<p class=\"gb-headline gb-headline-c6af232a gb-headline-text\">Granula von unterschiedlicher Korngr\u00f6\u00dfe, Graphit, \u00d6lfarbe, Silber \/ einzeln<br>28 x 23 cm \/ 1995<\/p>\n\n\n\n<div style=\"height:70px\" aria-hidden=\"true\" class=\"wp-block-spacer\"><\/div>\n\n<\/div><\/div>\n\n<div class=\"gb-container gb-container-e667a992\"><div class=\"gb-inside-container\">\n<figure class=\"gb-block-image gb-block-image-f96e3d67\"><a href=\"https:\/\/www.magdacsutak.at\/wp-content\/uploads\/2012\/06\/L063.jpg\"><img loading=\"lazy\" decoding=\"async\" width=\"800\" height=\"647\" class=\"gb-image gb-image-f96e3d67\" src=\"http:\/\/www.magdacsutak.at\/wp-content\/uploads\/2012\/06\/L063.jpg\" alt=\"\" title=\"L063\" srcset=\"https:\/\/www.magdacsutak.at\/wp-content\/uploads\/2012\/06\/L063.jpg 800w, https:\/\/www.magdacsutak.at\/wp-content\/uploads\/2012\/06\/L063-155x125.jpg 155w, https:\/\/www.magdacsutak.at\/wp-content\/uploads\/2012\/06\/L063-300x242.jpg 300w, https:\/\/www.magdacsutak.at\/wp-content\/uploads\/2012\/06\/L063-510x412.jpg 510w\" sizes=\"auto, (max-width: 800px) 100vw, 800px\" \/><\/a><\/figure>\n\n\n<p class=\"gb-headline gb-headline-9213f69d gb-headline-text\">Granula von unterschiedlicher Korngr\u00f6\u00dfe, Photoemulsion, \/ einzeln<br>28 x 23 cm \/ 1994 \/ 95<\/p>\n\n\n\n<div style=\"height:70px\" aria-hidden=\"true\" class=\"wp-block-spacer\"><\/div>\n\n<\/div><\/div>\n\n<div class=\"gb-container gb-container-5acdb020\"><div class=\"gb-inside-container\">\n<figure class=\"gb-block-image gb-block-image-340ff1b0\"><a href=\"https:\/\/www.magdacsutak.at\/wp-content\/uploads\/2012\/06\/L064.jpg\"><img loading=\"lazy\" decoding=\"async\" width=\"800\" height=\"654\" class=\"gb-image gb-image-340ff1b0\" src=\"http:\/\/www.magdacsutak.at\/wp-content\/uploads\/2012\/06\/L064.jpg\" alt=\"\" title=\"L064\" srcset=\"https:\/\/www.magdacsutak.at\/wp-content\/uploads\/2012\/06\/L064.jpg 800w, https:\/\/www.magdacsutak.at\/wp-content\/uploads\/2012\/06\/L064-155x126.jpg 155w, https:\/\/www.magdacsutak.at\/wp-content\/uploads\/2012\/06\/L064-300x245.jpg 300w, https:\/\/www.magdacsutak.at\/wp-content\/uploads\/2012\/06\/L064-510x416.jpg 510w\" sizes=\"auto, (max-width: 800px) 100vw, 800px\" \/><\/a><\/figure>\n\n\n<p class=\"gb-headline gb-headline-f37ef665 gb-headline-text\">Granula von gleicher Korngr\u00f6\u00dfe, Silber, Photoemulsion, Graphit \/ einzeln<br>28 x 23 cm \/ 1995<\/p>\n\n\n\n<div style=\"height:70px\" aria-hidden=\"true\" class=\"wp-block-spacer\"><\/div>\n\n<\/div><\/div>\n\n<div class=\"gb-container gb-container-819af367\"><div class=\"gb-inside-container\">\n<figure class=\"gb-block-image gb-block-image-fd380c60\"><a href=\"https:\/\/www.magdacsutak.at\/wp-content\/uploads\/2012\/06\/L065.jpg\"><img loading=\"lazy\" decoding=\"async\" width=\"800\" height=\"622\" class=\"gb-image gb-image-fd380c60\" src=\"http:\/\/www.magdacsutak.at\/wp-content\/uploads\/2012\/06\/L065.jpg\" alt=\"\" title=\"L065\" srcset=\"https:\/\/www.magdacsutak.at\/wp-content\/uploads\/2012\/06\/L065.jpg 800w, https:\/\/www.magdacsutak.at\/wp-content\/uploads\/2012\/06\/L065-155x120.jpg 155w, https:\/\/www.magdacsutak.at\/wp-content\/uploads\/2012\/06\/L065-300x233.jpg 300w, https:\/\/www.magdacsutak.at\/wp-content\/uploads\/2012\/06\/L065-510x396.jpg 510w\" sizes=\"auto, (max-width: 800px) 100vw, 800px\" \/><\/a><\/figure>\n\n<figure class=\"gb-block-image gb-block-image-25c3c8f3\"><a href=\"https:\/\/www.magdacsutak.at\/wp-content\/uploads\/2012\/06\/L067.jpg\"><img loading=\"lazy\" decoding=\"async\" width=\"800\" height=\"1075\" class=\"gb-image gb-image-25c3c8f3\" src=\"http:\/\/www.magdacsutak.at\/wp-content\/uploads\/2012\/06\/L067.jpg\" alt=\"\" title=\"L067\" srcset=\"https:\/\/www.magdacsutak.at\/wp-content\/uploads\/2012\/06\/L067.jpg 800w, https:\/\/www.magdacsutak.at\/wp-content\/uploads\/2012\/06\/L067-133x180.jpg 133w, https:\/\/www.magdacsutak.at\/wp-content\/uploads\/2012\/06\/L067-223x300.jpg 223w, https:\/\/www.magdacsutak.at\/wp-content\/uploads\/2012\/06\/L067-510x685.jpg 510w\" sizes=\"auto, (max-width: 800px) 100vw, 800px\" \/><\/a><\/figure>\n\n\n<p class=\"gb-headline gb-headline-6658374c gb-headline-text\">Granula von unterschiedlicher Korngr\u00f6\u00dfe, Photoemulsion,<br>Porzellan, geritztes Glas\/ einzeln 28 x 23 cm \/ 1995<\/p>\n\n\n\n<div style=\"height:70px\" aria-hidden=\"true\" class=\"wp-block-spacer\"><\/div>\n\n<\/div><\/div>\n\n<div class=\"gb-container gb-container-782c2f72\"><div class=\"gb-inside-container\">\n<figure class=\"gb-block-image gb-block-image-4d8d10af\"><a href=\"https:\/\/www.magdacsutak.at\/wp-content\/uploads\/2012\/06\/L.jpg\"><img loading=\"lazy\" decoding=\"async\" width=\"800\" height=\"570\" class=\"gb-image gb-image-4d8d10af\" src=\"http:\/\/www.magdacsutak.at\/wp-content\/uploads\/2012\/06\/L.jpg\" alt=\"\" title=\"L\" srcset=\"https:\/\/www.magdacsutak.at\/wp-content\/uploads\/2012\/06\/L.jpg 800w, https:\/\/www.magdacsutak.at\/wp-content\/uploads\/2012\/06\/L-155x110.jpg 155w, https:\/\/www.magdacsutak.at\/wp-content\/uploads\/2012\/06\/L-300x213.jpg 300w, https:\/\/www.magdacsutak.at\/wp-content\/uploads\/2012\/06\/L-510x363.jpg 510w\" sizes=\"auto, (max-width: 800px) 100vw, 800px\" \/><\/a><\/figure>\n\n\n<p class=\"gb-headline gb-headline-f0f54ac8 gb-headline-text\"><em>Still Leben III <\/em>\/ diamantgeritztes Floatglas, SiO<sub>2<\/sub>, Photoemulsion, Silber \/<br>48 x 30 x 5 cm \/ 1992<\/p>\n\n\n\n<div style=\"height:70px\" aria-hidden=\"true\" class=\"wp-block-spacer\"><\/div>\n\n<\/div><\/div>\n\n<div class=\"gb-container gb-container-603291d1\"><div class=\"gb-inside-container\">\n<figure class=\"gb-block-image gb-block-image-e2a97fc9\"><a href=\"https:\/\/www.magdacsutak.at\/wp-content\/uploads\/2012\/06\/L069.jpg\"><img loading=\"lazy\" decoding=\"async\" width=\"800\" height=\"638\" class=\"gb-image gb-image-e2a97fc9\" src=\"http:\/\/www.magdacsutak.at\/wp-content\/uploads\/2012\/06\/L069.jpg\" alt=\"\" title=\"Still Leben I\" srcset=\"https:\/\/www.magdacsutak.at\/wp-content\/uploads\/2012\/06\/L069.jpg 800w, https:\/\/www.magdacsutak.at\/wp-content\/uploads\/2012\/06\/L069-155x123.jpg 155w, https:\/\/www.magdacsutak.at\/wp-content\/uploads\/2012\/06\/L069-300x239.jpg 300w, https:\/\/www.magdacsutak.at\/wp-content\/uploads\/2012\/06\/L069-510x406.jpg 510w\" sizes=\"auto, (max-width: 800px) 100vw, 800px\" \/><\/a><\/figure>\n\n\n<p class=\"gb-headline gb-headline-9a65cd80 gb-headline-text\"><em><em>Still Leben I <\/em>\/ diamantgeritztes Floatglas,SiO<sub>2<\/sub>,Graphit Photoemulsion, Silber \/<br>48 x 30 x 5 cm \/ 1992<\/em><\/p>\n\n\n\n<div style=\"height:70px\" aria-hidden=\"true\" class=\"wp-block-spacer\"><\/div>\n\n<\/div><\/div>\n\n<div class=\"gb-container gb-container-6325340c\"><div class=\"gb-inside-container\">\n<figure class=\"gb-block-image gb-block-image-ea50e063\"><a href=\"https:\/\/www.magdacsutak.at\/wp-content\/uploads\/2012\/06\/L070.jpg\"><img loading=\"lazy\" decoding=\"async\" width=\"800\" height=\"628\" class=\"gb-image gb-image-ea50e063\" src=\"http:\/\/www.magdacsutak.at\/wp-content\/uploads\/2012\/06\/L070.jpg\" alt=\"\" title=\"Still Leben II\" srcset=\"https:\/\/www.magdacsutak.at\/wp-content\/uploads\/2012\/06\/L070.jpg 800w, https:\/\/www.magdacsutak.at\/wp-content\/uploads\/2012\/06\/L070-155x121.jpg 155w, https:\/\/www.magdacsutak.at\/wp-content\/uploads\/2012\/06\/L070-300x235.jpg 300w, https:\/\/www.magdacsutak.at\/wp-content\/uploads\/2012\/06\/L070-510x400.jpg 510w\" sizes=\"auto, (max-width: 800px) 100vw, 800px\" \/><\/a><\/figure>\n\n\n<p class=\"gb-headline gb-headline-761da8b9 gb-headline-text\"><em>Still Leben II <\/em>\/ diamantgeritztes Floatglas, SiO<sub>2<\/sub>,Graphit Photoemulsion, Silber \/<br>48 x 30 x 5 cm \/ 1992<\/p>\n\n\n\n<div style=\"height:70px\" aria-hidden=\"true\" class=\"wp-block-spacer\"><\/div>\n\n<\/div><\/div>\n\n<div class=\"gb-container gb-container-14082f78\"><div class=\"gb-inside-container\">\n<figure class=\"gb-block-image gb-block-image-46b92a03\"><a href=\"https:\/\/www.magdacsutak.at\/wp-content\/uploads\/2012\/06\/L2.jpg\"><img loading=\"lazy\" decoding=\"async\" width=\"800\" height=\"628\" class=\"gb-image gb-image-46b92a03\" src=\"http:\/\/www.magdacsutak.at\/wp-content\/uploads\/2012\/06\/L2.jpg\" alt=\"\" title=\" Still Leben A\" srcset=\"https:\/\/www.magdacsutak.at\/wp-content\/uploads\/2012\/06\/L2.jpg 800w, https:\/\/www.magdacsutak.at\/wp-content\/uploads\/2012\/06\/L2-155x121.jpg 155w, https:\/\/www.magdacsutak.at\/wp-content\/uploads\/2012\/06\/L2-300x235.jpg 300w, https:\/\/www.magdacsutak.at\/wp-content\/uploads\/2012\/06\/L2-510x400.jpg 510w\" sizes=\"auto, (max-width: 800px) 100vw, 800px\" \/><\/a><\/figure>\n\n\n<p class=\"gb-headline gb-headline-1ed518bb gb-headline-text\"><em><em>Still Leben A<\/em> \/ <\/em>SiO<sub>2<\/sub>, Photoemulsion, Holz, Graphit, Glas \/<br>48 x 30 x 5 cm \/1992<\/p>\n\n\n\n<div style=\"height:70px\" aria-hidden=\"true\" class=\"wp-block-spacer\"><\/div>\n\n<\/div><\/div>","protected":false},"excerpt":{"rendered":"<p>Mehrfache \u00dcbersetzung (durch Bin\u00e4rrechnung) \/ Karton, 21x 14,5cm \/ 1996 Granula von gleicher Korngr\u00f6\u00dfe, 1-2-3 Graphitschichten, \u00d6lfarbe, Silber \/ einzeln28 x 23 cm \/ 1995 Granula von unterschiedlicher Korngr\u00f6\u00dfe, Graphit, \u00d6lfarbe, Silber \/ einzeln28 x 23 cm \/ 1995 Granula von unterschiedlicher Korngr\u00f6\u00dfe, Photoemulsion, \/ einzeln28 x 23 cm \/ 1994 \/ 95 Granula von &#8230; <a title=\"STILL LEBEN\" class=\"read-more\" href=\"https:\/\/www.magdacsutak.at\/?page_id=2032&#038;lang=de\" aria-label=\"Read more about STILL LEBEN\">Read more<\/a><\/p>\n","protected":false},"author":1,"featured_media":0,"parent":0,"menu_order":9,"comment_status":"closed","ping_status":"closed","template":"","meta":{"footnotes":""},"class_list":["post-2032","page","type-page","status-publish"],"_links":{"self":[{"href":"https:\/\/www.magdacsutak.at\/index.php?rest_route=\/wp\/v2\/pages\/2032","targetHints":{"allow":["GET"]}}],"collection":[{"href":"https:\/\/www.magdacsutak.at\/index.php?rest_route=\/wp\/v2\/pages"}],"about":[{"href":"https:\/\/www.magdacsutak.at\/index.php?rest_route=\/wp\/v2\/types\/page"}],"author":[{"embeddable":true,"href":"https:\/\/www.magdacsutak.at\/index.php?rest_route=\/wp\/v2\/users\/1"}],"replies":[{"embeddable":true,"href":"https:\/\/www.magdacsutak.at\/index.php?rest_route=%2Fwp%2Fv2%2Fcomments&post=2032"}],"version-history":[{"count":2,"href":"https:\/\/www.magdacsutak.at\/index.php?rest_route=\/wp\/v2\/pages\/2032\/revisions"}],"predecessor-version":[{"id":2034,"href":"https:\/\/www.magdacsutak.at\/index.php?rest_route=\/wp\/v2\/pages\/2032\/revisions\/2034"}],"wp:attachment":[{"href":"https:\/\/www.magdacsutak.at\/index.php?rest_route=%2Fwp%2Fv2%2Fmedia&parent=2032"}],"curies":[{"name":"wp","href":"https:\/\/api.w.org\/{rel}","templated":true}]}}