{"id":2089,"date":"2026-01-22T21:08:37","date_gmt":"2026-01-22T21:08:37","guid":{"rendered":"https:\/\/www.magdacsutak.at\/?page_id=2089"},"modified":"2026-01-22T21:18:35","modified_gmt":"2026-01-22T21:18:35","slug":"biographie-ausstellungen","status":"publish","type":"page","link":"https:\/\/www.magdacsutak.at\/?page_id=2089&lang=de","title":{"rendered":"BIOGRAPHIE, AUSSTELLUNGEN"},"content":{"rendered":"\n<p><span style=\"font-size: 18px;\"><strong>Magda CSUTAK<\/strong><\/span><\/p>\n\n\n\n<p>(1945, Rum\u00e4nien)<\/p>\n\n\n\n<figure class=\"wp-block-embed is-type-video is-provider-youtube wp-block-embed-youtube wp-embed-aspect-16-9 wp-has-aspect-ratio\"><div class=\"wp-block-embed__wrapper\">\n<iframe loading=\"lazy\" title=\"Interj\u00fa \u2013 Csutak Magda\" width=\"1200\" height=\"675\" src=\"https:\/\/www.youtube.com\/embed\/mav4n8X7G90?feature=oembed\" frameborder=\"0\" allow=\"accelerometer; autoplay; clipboard-write; encrypted-media; gyroscope; picture-in-picture; web-share\" referrerpolicy=\"strict-origin-when-cross-origin\" allowfullscreen><\/iframe>\n<\/div><\/figure>\n\n\n\n<figure class=\"wp-block-table\"><table class=\"has-fixed-layout\"><tbody><tr><td>1964-70<\/td><td>Ion Andreescu Hochschule f\u00fcr Bildende Kunst, Fach Keramik<\/td><\/tr><tr><td>1974-77<\/td><td>Mitarbeiter des Forschungsinstituts f\u00fcr Glas- und Feinkeramik in Bukarest<\/td><\/tr><tr><td>1977<\/td><td>Politisches Asyl in \u00d6sterreich<\/td><\/tr><tr><td>ab 1978<\/td><td>Mitglied des K\u00fcnstlerhauses in Wien<\/td><\/tr><tr><td>ab 1979<\/td><td>Mitglied der Pariser Zeitschrift <i>Magyar M\u0171hely<\/i><\/td><\/tr><\/tbody><\/table><\/figure>\n\n\n\n<p><strong>Auszeichnungen<\/strong><\/p>\n\n\n\n<figure class=\"wp-block-table\"><table class=\"has-fixed-layout\"><tbody><tr><td>2019<\/td><td>Herczeg Kl\u00e1ra-Preis<\/td><\/tr><tr><td>2010<\/td><td>Munk\u00e1csy Mih\u00e1ly-Preis<\/td><\/tr><tr><td>1986<\/td><td>\u00d6sterreichisches Staatsstipendium<\/td><\/tr><tr><td>1985<\/td><td>Theodor-K\u00f6rner-Preis<\/td><\/tr><\/tbody><\/table><\/figure>\n\n\n\n<p><strong>Werke in \u00d6ffentlichen Raum<\/strong><\/p>\n\n\n\n<p>Zu Ehren der Erde, 1974, Schamotte, Medgidia (RO)<\/p>\n\n\n\n<p><strong>Werke in \u00f6ffentlichen Sammlungen:<\/strong><\/p>\n\n\n\n<p>Consiliul de Cultura si Arte (Bukarest)<br>\nMuseum Segesv\u00e1r (Sighisoara, RO)<br>\nMuseum f\u00fcr Zeitgen\u00f6ssische Kunst \u2012 Ludwig Museum (Budapest)<br>\nKunstsammlung Stadt Wien, Albertina (Wien)<br>\nRepublik \u00d6sterreich<br>\nK\u00f6nig St. Stephan Museum (Sz\u00e9kesfeh\u00e9rv\u00e1r, HU)<br>\nMuseum f\u00fcr bildende K\u00fcnste (Budapest)<br>\nDie Hauptst\u00e4dtische Gem\u00e4ldegalerie \u2013 Museum Kiscell (Budapest)<br>\n\u00d6BV (Wien)<br>\nMAK \u2012 Museum f\u00fcr Angewandte Kunst (Wien)<\/p>\n\n\n\n<p><strong>Einzelausstellungen<\/strong><\/p>\n\n\n\n<figure class=\"wp-block-table\"><table class=\"has-fixed-layout\"><tbody><tr><td>2023<\/td><td>\u201eDampferfart\u201c f\u00fcr  Astrit\u00b4s Schmidt Burghardt Geburtstag, Berlin, Spree-East Side Gallery,<br>\n\u201eDIGITAL\u201c \u2013begleitet mit Klavierspiel, Videomontage<\/td><\/tr><tr><td>2019<\/td><td>NULL UND ETWAS, Christine K\u00f6nig Galerie, Wien<\/td><\/tr><tr><td>2016<\/td><td>DIE ANN\u00c4HERUNG AN DIE NULL, W\u00fcrdigungsausstellung, \u00d6BV Atrium, Wien<\/td><\/tr><tr><td>2015<\/td><td>WALZER, Ausstellung von Magda Csutak und Mikl\u00f3s Erd\u00e9ly (Retrospektiv von 1985), acb Galerie, Budapest<\/td><\/tr><tr><td>2014<\/td><td>SUMME NULL, Galerie Splitter Art, Wien<br>\nAPPROACHING ZERO, MAGMA Contemporary Art Space, Sankt Georgen (RO)<\/td><\/tr><tr><td>2011<\/td><td>PARALLELAUSSTELLUNG: Magda Csutak, Ingo Nussbaumer, Vasarely Museum, Budapest<\/td><\/tr><tr><td>2006<\/td><td>GLEICH \u2012 INDIVIDUELL, Museum Kiscell, Hauptst\u00e4dtische Gem\u00e4ldegalerie, Budapest<\/td><\/tr><tr><td>2005<\/td><td>2B Galerie, Budapest (gemeinsam mit Janos Megyik)<\/td><\/tr><tr><td>2001<\/td><td>SiO<sub>2<\/sub> \u2013 Camera, Wien (gemeinsam mit C\u00e9cile Dujarden)<\/td><\/tr><tr><td>2000<\/td><td>KONSEQUENZ UND ST\u00c4RKE, Collegium Hungaricum, Wien (gemeinsam mit \u00c9va Pusztai S\u00e1rk\u00f6zi, Waltraud Palme)<\/td><\/tr><tr><td>1995<\/td><td>STILL LEBEN, Art Expo \u2012 Viziv\u00e1rosi Gal\u00e9ria, Budapest<\/td><\/tr><tr><td><\/td><td>TAUSEND 1 NANO, Station 3 Galerie, Wien<\/td><\/tr><tr><td>1992<\/td><td>TAUSEND 1 NANO, Budapest Gal\u00e9ria, Lajos utca, Budapest<\/td><\/tr><tr><td>1985<\/td><td>J\u00dcDISCH-CHRISTLICH, Atelierausstellung (gemeinsam mit Mikl\u00f3s Erd\u00e9ly)<\/td><\/tr><tr><td>1982<\/td><td>Postgassegalerie, Wien<\/td><\/tr><tr><td>1970<\/td><td>Theater von Sankt Georgen (RO)<\/td><\/tr><\/tbody><\/table><\/figure>\n\n\n\n<p><strong>Gruppenausstellungen<\/strong>    <\/p>\n\n\n\n<figure class=\"wp-block-table\"><table class=\"has-fixed-layout\"><tbody><tr><td>2025-26<\/td><td>GRAFIK IN EUROPA   Die Grafikeditionen der Galerie Lindner\/ Wien<br>\nVasarely Museum, Budapest<\/td><\/tr><tr><td>2025<\/td><td>EXPERIMENTUM, Kunstzentrum in Transylvanien,<br>\nSf.Gheorghe, RO<\/td><\/tr><tr><td><\/td><td>Women\u2019s Quota 02. Women Artists, Creative Women from the Collection of the Ludwig Museum \u2013 Museum of Contemporary Art, Budapest<\/td><\/tr><tr><td><\/td><td>ARTGEN\u00c8VE, International Art Fair, Christine K\u00f6nig Galerie, Wien<\/td><\/tr><tr><td>2024<\/td><td>Art Cologne, International Art Fair, Christine K\u00f6nig Galerie, Wien<\/td><\/tr><tr><td>2024<\/td><td>Viennacontemporary, International Kunstmesse, Christine K\u00f6nig Galerie, Wien curated-by: Dr.Friedemann Malsch, Untold Narratives, Christine K\u00f6nig Galerie, Wien<\/td><\/tr><tr><td>2023-24<\/td><td>&#8220;ABWESENHEIT&#8221; der 80 Jahrestag des Holocausts in Nordsiebenb\u00fcrgen, Aluvial Projekt Space,Cluj-Napoca, RO<\/td><\/tr><tr><td>2023-24<\/td><td>Grafik in Europa KONSTRUKTIV KONKRET KONZEPTUELL, Kammerhof Museum Gmunden<\/td><\/tr><tr><td>2024<\/td><td>Christine K\u00f6nig Galerie STAGE BREGENZ 2024<\/td><\/tr><tr><td>2023<\/td><td>HUMAN_NATURE ,Mitgliederausstellung, K\u00fcnstlerhaus, Wien<\/td><\/tr><tr><td>2021<\/td><td>CCC.Click,Connect,Collect, K\u00f6nig2, Wien<\/td><\/tr><tr><td>2020<\/td><td>30 YEARS: A SHORT CENTURY, Online Exhibition, Christine K\u00f6nig Galerie<\/td><\/tr><tr><td><\/td><td>ARTGEN\u00c8VE, International Kunstmesse, Christine K\u00f6nig Galerie, Wien<\/td><\/tr><tr><td><\/td><td>HERCZEG KL\u00c1RA-PREIS AUSSTELLUNG, Labor Gal\u00e9ria, Budapest<\/td><\/tr><tr><td><\/td><td>ME, MYSELF AND I, Online-Ausstellung, Christine K\u00f6nig Galerie, Wien<\/td><\/tr><tr><td><\/td><td>HORTUS CONCLUSUS, Skulpturenpark, Jagdschlossgasse 25,<br>\nWien 1130<\/td><\/tr><tr><td>2019<\/td><td>CONVERSATION, Franz Kerschbaum &amp; Magda Csutak, Christine K\u00f6nig Galerie, Wien<\/td><\/tr><tr><td><\/td><td>ART BR\u00dcSSELS, ART BRU37, Kunstmesse, Moln\u00e1r Ani Gal\u00e9ria<\/td><\/tr><tr><td><\/td><td>VIENNACONTEMPORARY, International Kunstmesse, Christine K\u00f6nig Galerie, Wien<\/td><\/tr><tr><td>2018<\/td><td>BRUCH SPUR ZEICHEN, Sabine M\u00fcller-Funk &amp; Friends, Kunstraum Nestroyhof, Wien; NOEDOK, St. P\u00f6lten<\/td><\/tr><tr><td><\/td><td>KONKRET-FRAU, Wien, K\u00fcnstlerinnen und die Konkrete Kunst,<br>\ncurated by_ Gerald A. Matt, Galerie Steinek, Wien<\/td><\/tr><tr><td><\/td><td>DIE NEUNZIGER JAHRE, Mobile Kunst im Mobilen Markt, Wien Museum, MUSA<\/td><\/tr><tr><td>2017<\/td><td>POESIE DES WENIGEN, Artmark Galerie, Wien<\/td><\/tr><tr><td><\/td><td>ABSTRAKTIONEN, Fotogalerie, Wien<\/td><\/tr><tr><td><\/td><td>POST CONTEMPORARY (POCO), Telep Gal\u00e9ria, Budapest<\/td><\/tr><tr><td><\/td><td>ART ENCOUNTERS. Production:Re:Production, MAGMA, Contemporary Art Biennale, Timisoara (RO)<\/td><\/tr><tr><td><\/td><td>KUNST ZIEHT KREISE, Artmark Galerie, Wien<\/td><\/tr><tr><td>2016<\/td><td>MAZZA, 2B Gal\u00e9ria, Budapest<\/td><\/tr><tr><td><\/td><td>SYMMETRY FESTIVAL 2016 WIEN \u2012 NICHTEUKLIEDISCHE GEOMETRIE, Collegium Hungaricum, Wien<\/td><\/tr><tr><td>2015<\/td><td>SCHICKSAL UND SYMBOL, Magyar Nemzeti Gal\u00e9ria (Ungarische Nationalgalerie), Budapest<\/td><\/tr><tr><td><\/td><td>TOWARDS NEW FRONTIERS, EPS-HEP 2015, (High Energy Physics, 2015), Universit\u00e4t Wien, Wien<\/td><\/tr><tr><td><\/td><td>JIFFYCHAT 03, K\u00fcnstlerhaus, Wien<\/td><\/tr><tr><td><\/td><td>WHAT\u00b4S NEXT? WIENER WUNDERKAMMER 2015, TU Wien<\/td><\/tr><tr><td>2014<\/td><td>DIALOGE DER STILLE, Artmark Galerie, Wien<br>\nKONSTRUKTIV + INTER + KONKRET, 16 internationale K\u00fcnstler \u2013 16 Positionen M\u0171v\u00e9szetMalom (KunstM\u00fchle), Szentendre (HU)<\/td><\/tr><tr><td>2013<\/td><td>DAS KLEINE FORMAT, Artmark Galerie, Wien<br>\nCOCA (Constructive Open Structures Concrete Abstract), Artmark Galerie, Wien<br>\nZEICHEN ZEICHEN, K\u00fcnstlerhaus, Wien<\/td><\/tr><tr><td>2012<\/td><td>OSAS PLUS (The Open Structures Art Society), Vasarely M\u00fazeum, Budapest<\/td><\/tr><tr><td>2009<\/td><td>DIE SAMMLUNG BUJDOS\u00d3, Collegium Hungaricum Wien, Wien<br>\nZYKLUS 4.0, Zeitgen\u00f6ssische Kunst aus Mitteleuropa, Stift Lilienfeld<br>\nCONCRETE ART CONNECTION, Konkrete Kunst aus Mitteleuropa, Artmark Galerie, Wien<br>\nVORSTELLBAR- UNVORSTELLBAR\/Hypothesen visueller Transformationen, A22 Gal\u00e9ria, Budapest<\/td><\/tr><tr><td>2008<\/td><td>Gmundener Symposien f\u00fcr Konkrete Kunst, eine Dokumentation, Landesgalerie Linz<br>\nZEITRAUMZEIT, K\u00fcnstlerhaus, Wien<\/td><\/tr><tr><td>2007<\/td><td>THE COLLECTION IN FOCUS, Ludwig M\u00fazeum, Budapest<\/td><\/tr><tr><td>2006<\/td><td>RE: MBRANDT 400 \u2013 Contemporary Hungarian Artists Respond, Sz\u00e9pm\u0171v\u00e9szeti M\u00fazeum (Kunsthistorisches Museum), Budapest<\/td><\/tr><tr><td>2005<\/td><td>SELBSPORTR\u00c4IT, 2B Gal\u00e9ria, Budapest<\/td><\/tr><tr><td>2004<\/td><td>EUROPA FRIES, Mission Art Gal\u00e9ria, Wien, Bratislava, Paris, Stuttgart, Berlin<br>\nTRANSEUROPA, Kulturverband, Favoriten, Wien<\/td><\/tr><tr><td>2002<\/td><td>DIE F\u00dcLLE DER LEERE, Artmark Galerie, Spital am Pyhrn<br>\nA PROPOS PAPIER, Gigant Galerie, Wien<\/td><\/tr><tr><td>2001<\/td><td>DIE EINHETLICHE LESEART, ARTPool P60, Budapest<br>\nSiO<sub>2<\/sub>, Camera, Wien<\/td><\/tr><tr><td>1999<\/td><td>DAS DING MIT DEM FOTO, Museum auf Abruf, Wien<br>\nSPATIO CHIARO, Biennale di Venezia XLVIII., Arsenale, Venedig<br>\nPERSPEKTIVE, M\u0171csarnok (Kunsthalle), Budapest<br>\nUNSER 20. JAHRHUNDERT. UNGARISCHE KUNST DES 20. JAHRHUNDERTS, Cs\u00f3k Istv\u00e1n Gal\u00e9ria, Sz\u00e9kesfeh\u00e9rv\u00e1r (HU)<\/td><\/tr><tr><td>1998<\/td><td>GEOGRAFIE-GEOMETRIE, Konkrete Kunst an der Donau, R\u00e1day Gal\u00e9ria, Budapest (HU)<\/td><\/tr><tr><td>1997<\/td><td>GEOGRAFIE-GEOMETRIE, Konkrete Kunst an der Donau, Galerie Peter Lindner, Wien<br>\nKultur Zentrum Zichino Palast, Bratislava<br>\nJENSEITS VON KUNST, Neue Galerie am Landesmuseum Joanneum, Graz<\/td><\/tr><tr><td>1996<\/td><td>WERKE UND ATTIT\u00dcDE 1990-1996. Ungarische Kunst des 20. Jahrhunderts, Cs\u00f3k Istv\u00e1n Gal\u00e9ria, Sz\u00e9kesfeh\u00e9rv\u00e1r (HU)<br>\nGEOGRAFIE-GEOMETRIE, Konkrete Kunst an der Donau, Albertina, Wien<br>\nJENSEITS VON KUNST, Ludwig M\u00fazeum, Budapest<br>\n4X, Galerie Leopold Bloom, Szombathely (HU)<\/td><\/tr><tr><td>1987<\/td><td>Ausstellung zum Andenken des Judenpogroms, Evangelische Kirche, Iserlon (DE)<\/td><\/tr><tr><td>1985<\/td><td>KALEIDOSKOP\u00b485, Collegium Hungaricum, Wien<\/td><\/tr><tr><td>1982<\/td><td>HOMMAGE \u00c0 LA TERRE NATALE, Kunsthalle, Budapest<\/td><\/tr><tr><td>1981<\/td><td>TAKTILIT\u00c4T-VISUALIT\u00c4T, Gro\u00dfweikersdorf<\/td><\/tr><tr><td>1976<\/td><td>Internationale Keramik Ausstellung, Sopot (PL)<\/td><\/tr><tr><td>1974<\/td><td>IV. Internationale Keramik Biennale, Vallauris (FR)<\/td><\/tr><\/tbody><\/table><\/figure>\n","protected":false},"excerpt":{"rendered":"<p>Magda CSUTAK (1945, Rum\u00e4nien) 1964-70 Ion Andreescu Hochschule f\u00fcr Bildende Kunst, Fach Keramik 1974-77 Mitarbeiter des Forschungsinstituts f\u00fcr Glas- und Feinkeramik in Bukarest 1977 Politisches Asyl in \u00d6sterreich ab 1978 Mitglied des K\u00fcnstlerhauses in Wien ab 1979 Mitglied der Pariser Zeitschrift Magyar M\u0171hely Auszeichnungen 2019 Herczeg Kl\u00e1ra-Preis 2010 Munk\u00e1csy Mih\u00e1ly-Preis 1986 \u00d6sterreichisches Staatsstipendium 1985 Theodor-K\u00f6rner-Preis &#8230; <a title=\"BIOGRAPHIE, AUSSTELLUNGEN\" class=\"read-more\" href=\"https:\/\/www.magdacsutak.at\/?page_id=2089&#038;lang=de\" aria-label=\"Read more about BIOGRAPHIE, AUSSTELLUNGEN\">Read more<\/a><\/p>\n","protected":false},"author":1,"featured_media":0,"parent":0,"menu_order":14,"comment_status":"closed","ping_status":"closed","template":"","meta":{"footnotes":""},"class_list":["post-2089","page","type-page","status-publish"],"_links":{"self":[{"href":"https:\/\/www.magdacsutak.at\/index.php?rest_route=\/wp\/v2\/pages\/2089","targetHints":{"allow":["GET"]}}],"collection":[{"href":"https:\/\/www.magdacsutak.at\/index.php?rest_route=\/wp\/v2\/pages"}],"about":[{"href":"https:\/\/www.magdacsutak.at\/index.php?rest_route=\/wp\/v2\/types\/page"}],"author":[{"embeddable":true,"href":"https:\/\/www.magdacsutak.at\/index.php?rest_route=\/wp\/v2\/users\/1"}],"replies":[{"embeddable":true,"href":"https:\/\/www.magdacsutak.at\/index.php?rest_route=%2Fwp%2Fv2%2Fcomments&post=2089"}],"version-history":[{"count":2,"href":"https:\/\/www.magdacsutak.at\/index.php?rest_route=\/wp\/v2\/pages\/2089\/revisions"}],"predecessor-version":[{"id":2095,"href":"https:\/\/www.magdacsutak.at\/index.php?rest_route=\/wp\/v2\/pages\/2089\/revisions\/2095"}],"wp:attachment":[{"href":"https:\/\/www.magdacsutak.at\/index.php?rest_route=%2Fwp%2Fv2%2Fmedia&parent=2089"}],"curies":[{"name":"wp","href":"https:\/\/api.w.org\/{rel}","templated":true}]}}