{"id":270,"date":"2012-06-10T14:10:45","date_gmt":"2012-06-10T14:10:45","guid":{"rendered":"http:\/\/www.magdacsutak.at\/?page_id=270"},"modified":"2026-01-25T13:06:13","modified_gmt":"2026-01-25T13:06:13","slug":"home","status":"publish","type":"page","link":"https:\/\/www.magdacsutak.at\/","title":{"rendered":"HOME"},"content":{"rendered":"<div class=\"gb-container gb-container-697d3418\"><div class=\"gb-inside-container\">\n<div class=\"gb-grid-wrapper gb-grid-wrapper-bb178263\">\n<div class=\"gb-grid-column gb-grid-column-ff90f11a\"><div class=\"gb-container gb-container-ff90f11a\"><div class=\"gb-inside-container\">\n\n<figure class=\"gb-block-image gb-block-image-29472ead\"><img loading=\"lazy\" decoding=\"async\" width=\"100\" height=\"151\" class=\"gb-image gb-image-29472ead\" src=\"http:\/\/www.magdacsutak.at\/wp-content\/uploads\/2012\/06\/home_magda.jpg\" alt=\"\" title=\"home_magda\"\/><\/figure>\n\n<\/div><\/div><\/div>\n\n<div class=\"gb-grid-column gb-grid-column-e8b9d12a\"><div class=\"gb-container gb-container-e8b9d12a\"><div class=\"gb-inside-container\">\n\n<p class=\"gb-headline gb-headline-cc6b553d gb-headline-text\">Free-lance artist Magda Csutak was born in Transylvania (Romania) in 1945. Her main focus of interest is the question of the relationship between picture &#8211; image. She sees material as deterministic in cognitive processes as well as in unforeseeable developments on the communications level. The materials used by her to construct her pictures simultaneously represent her works\u00b4 essential theme. Through the agency of material she finds the perfect form in the ellipsis, in zero (so called \u201cnothingness\u201d) and thus the constantly moving perceptible world boundary. She has been living in Vienna since 1977.<\/p>\n\n<\/div><\/div><\/div>\n<\/div>\n<\/div><\/div>\n\n<div class=\"gb-container gb-container-23768b40\"><div class=\"gb-inside-container\">\n\n<figure class=\"gb-block-image gb-block-image-c9d99e34\"><img loading=\"lazy\" decoding=\"async\" width=\"800\" height=\"991\" class=\"gb-image gb-image-c9d99e34\" src=\"http:\/\/www.magdacsutak.at\/wp-content\/uploads\/2012\/06\/konyv_ok.jpg\" alt=\"\" title=\"konyv_ok\" srcset=\"https:\/\/www.magdacsutak.at\/wp-content\/uploads\/2012\/06\/konyv_ok.jpg 800w, https:\/\/www.magdacsutak.at\/wp-content\/uploads\/2012\/06\/konyv_ok-145x180.jpg 145w, https:\/\/www.magdacsutak.at\/wp-content\/uploads\/2012\/06\/konyv_ok-242x300.jpg 242w, https:\/\/www.magdacsutak.at\/wp-content\/uploads\/2012\/06\/konyv_ok-510x631.jpg 510w\" sizes=\"auto, (max-width: 800px) 100vw, 800px\" \/><\/figure>\n\n\n\n<p class=\"gb-headline gb-headline-27fdac16 gb-headline-text\"><strong>Publisher<\/strong><br>Research Institute for Art History of the Hungarian Academy of Sciences, Director L\u00e1szl\u00f3 BEKE, 2011<\/p>\n\n\n\n<h5 class=\"gb-headline gb-headline-b26c339c gb-headline-text\"><strong><strong>Texte \/ Texts<\/strong><\/strong><\/h5>\n\n\n\n<p class=\"gb-headline gb-headline-bb9ed47c gb-headline-text\"><strong>Beke L\u00e1szl\u00f3<\/strong><br>Vorwort<br>Preface<\/p>\n\n\n\n<p class=\"gb-headline gb-headline-a206ae3d gb-headline-text\"><strong>Eugen Gomringer<\/strong><br>Ausstellung Magda Csutak, Budapest, 25. Mai 2006<br>Opening remarks at the Magda Csutak exhibition, Budapest, May 25, 2006<\/p>\n\n\n\n<p class=\"gb-headline gb-headline-13e55f77 gb-headline-text\"><strong>Astrit Schmidt-Burkhardt<\/strong><br>Vernullung der Kunst. \u00dcber eine produktive Leerstelle der Moderne<br>The Zeroing of Art: On the Productive Lacuna of Modernism<\/p>\n\n\n\n<p class=\"gb-headline gb-headline-c93deaca gb-headline-text\"><strong>Koll\u00e1th Zolt\u00e1n<\/strong><br>Anyag, f\u00e9ny, Univerzum, lek\u00e9pez\u00e9s<br>Matter, Light, Universe, Imaging, Mapping<\/p>\n\n\n\n<p class=\"gb-headline gb-headline-6fcedee8 gb-headline-text\"><strong>Schiller R\u00f3bert<\/strong><br>Egy cseppnyi term\u00e9szettudom\u00e1ny<br>A taste of science<\/p>\n\n\n\n<p class=\"gb-headline gb-headline-837baa11 gb-headline-text\"><strong>Magda Csutak<\/strong><br><a href=\"http:\/\/www.magdacsutak.at\/?page_id=777\">Die Ann\u00e4herung an die Null<\/a><br><a href=\"http:\/\/www.magdacsutak.at\/?page_id=777&amp;lang=en\">Approaching Zero<\/a><\/p>\n\n\n\n<p class=\"gb-headline gb-headline-70da0f34 gb-headline-text\"><strong>Beke L\u00e1szl\u00f3<\/strong><br>Az ellipszis \u00e9s a nulla. Csutak Magda m\u0171v\u00e9szeti kutat\u00e1sai a tudom\u00e1nyok rendszer\u00e9ben<br>Ellipse and Zero: The Artistic Research of Magda Csutak within the Systems of the Sciences<\/p>\n\n<\/div><\/div>","protected":false},"excerpt":{"rendered":"<p>PublisherResearch Institute for Art History of the Hungarian Academy of Sciences, Director L\u00e1szl\u00f3 BEKE, 2011 Texte \/ Texts Beke L\u00e1szl\u00f3VorwortPreface Eugen GomringerAusstellung Magda Csutak, Budapest, 25. Mai 2006Opening remarks at the Magda Csutak exhibition, Budapest, May 25, 2006 Astrit Schmidt-BurkhardtVernullung der Kunst. \u00dcber eine produktive Leerstelle der ModerneThe Zeroing of Art: On the Productive Lacuna &#8230; <a title=\"HOME\" class=\"read-more\" href=\"https:\/\/www.magdacsutak.at\/\" aria-label=\"Read more about HOME\">Read more<\/a><\/p>\n","protected":false},"author":1,"featured_media":0,"parent":0,"menu_order":1,"comment_status":"closed","ping_status":"closed","template":"","meta":{"footnotes":""},"class_list":["post-270","page","type-page","status-publish"],"_links":{"self":[{"href":"https:\/\/www.magdacsutak.at\/index.php?rest_route=\/wp\/v2\/pages\/270","targetHints":{"allow":["GET"]}}],"collection":[{"href":"https:\/\/www.magdacsutak.at\/index.php?rest_route=\/wp\/v2\/pages"}],"about":[{"href":"https:\/\/www.magdacsutak.at\/index.php?rest_route=\/wp\/v2\/types\/page"}],"author":[{"embeddable":true,"href":"https:\/\/www.magdacsutak.at\/index.php?rest_route=\/wp\/v2\/users\/1"}],"replies":[{"embeddable":true,"href":"https:\/\/www.magdacsutak.at\/index.php?rest_route=%2Fwp%2Fv2%2Fcomments&post=270"}],"version-history":[{"count":188,"href":"https:\/\/www.magdacsutak.at\/index.php?rest_route=\/wp\/v2\/pages\/270\/revisions"}],"predecessor-version":[{"id":1980,"href":"https:\/\/www.magdacsutak.at\/index.php?rest_route=\/wp\/v2\/pages\/270\/revisions\/1980"}],"wp:attachment":[{"href":"https:\/\/www.magdacsutak.at\/index.php?rest_route=%2Fwp%2Fv2%2Fmedia&parent=270"}],"curies":[{"name":"wp","href":"https:\/\/api.w.org\/{rel}","templated":true}]}}