{"id":5,"date":"2012-05-31T17:30:30","date_gmt":"2012-05-31T17:30:30","guid":{"rendered":"http:\/\/www.magdacsutak.at\/?page_id=5"},"modified":"2026-01-25T13:25:31","modified_gmt":"2026-01-25T13:25:31","slug":"biographie","status":"publish","type":"page","link":"https:\/\/www.magdacsutak.at\/?page_id=5","title":{"rendered":"BIOGRAPHY, EXHIBITIONS"},"content":{"rendered":"\n<p><span style=\"font-size: 18px;\"><strong>Magda CSUTAK<\/strong><\/span><\/p>\n\n\n\n<p>(1945, Romania)<\/p>\n\n\n\n<figure class=\"wp-block-embed is-type-video is-provider-youtube wp-block-embed-youtube wp-embed-aspect-16-9 wp-has-aspect-ratio\"><div class=\"wp-block-embed__wrapper\">\n<iframe loading=\"lazy\" title=\"Interj\u00fa \u2013 Csutak Magda\" width=\"1200\" height=\"675\" src=\"https:\/\/www.youtube.com\/embed\/mav4n8X7G90?feature=oembed\" frameborder=\"0\" allow=\"accelerometer; autoplay; clipboard-write; encrypted-media; gyroscope; picture-in-picture; web-share\" referrerpolicy=\"strict-origin-when-cross-origin\" allowfullscreen><\/iframe>\n<\/div><\/figure>\n\n\n\n<figure class=\"wp-block-table\"><table class=\"has-fixed-layout\"><tbody><tr><td>1964-70<\/td><td>Ion Andreescu Fine Arts Academy, Ceramics Class (RO)<\/td><\/tr><tr><td>1974-77<\/td><td>Associate of Research Institute for Optic Glass and Fine Ceramics in Bucharest<\/td><\/tr><tr><td>1977<\/td><td>Political Asylum in Austria<\/td><\/tr><tr><td>since 1978<\/td><td>Member of Vienna K\u00fcnstlerhaus<\/td><\/tr><tr><td>since 1979<\/td><td>Member of Paris Art Magazine \u201eMagyar M\u0171hely\u201d<\/td><\/tr><\/tbody><\/table><\/figure>\n\n\n\n<p><strong>Awards<\/strong><\/p>\n\n\n\n<figure class=\"wp-block-table\"><table class=\"has-fixed-layout\"><tbody><tr><td>2019<\/td><td>Herczeg Kl\u00e1ra-Prize<\/td><\/tr><tr><td>2010<\/td><td>Munk\u00e1csy Mih\u00e1ly-Prize<\/td><\/tr><tr><td>1986<\/td><td>Austrian State Scholarship<\/td><\/tr><tr><td>1985<\/td><td>Theodor-K\u00f6rner-Prize<\/td><\/tr><\/tbody><\/table><\/figure>\n\n\n\n<p><strong>Public art<\/strong><\/p>\n\n\n\n<p>In Honor of the Earth, 1974, fire clay, Medgidia (RO)<\/p>\n\n\n\n<p><strong>Works in public collections<\/strong><\/p>\n\n\n\n<p>Consiliul de Cultura si Arte (Bukarest)<br>\nMuseum Segesv\u00e1r (Sighisoara, RO)<br>\nMuseum for Contemporary Art &#8211; Ludwig Museum (Budapest)<br>\nKunstsammlung Stadt Wien, Albertina (Wien)<br>\nRepublik \u00d6sterreich<br>\nK\u00f6nig St. Stephan Museum (Sz\u00e9kesfeh\u00e9rv\u00e1r, HU)<br>\nMuseum of Fine Arts (Budapest)<br>\nMunicipal Picture Gallery \u2013 Kiscell Museum (Budapest)<br>\n\u00d6BV (Wien)<br>\nMAK \u2012 Museum f\u00fcr Angewandte Kunst (Wien)<\/p>\n\n\n\n<p><strong>Solo exhibitions<\/strong><\/p>\n\n\n\n<figure class=\"wp-block-table\"><table class=\"has-fixed-layout\"><tbody><tr><td>2023<\/td><td>\u201eDampferfart\u201c for Astrit\u00b4s Schmidt Burghardt Birthday, Berlin, Spree-East Side Gallery,<br>\n\u201eDIGITAL\u201c-accompanied with piano playing, video montage<\/td><\/tr><tr><td>2019<\/td><td>ZERO AND SOMETHING, (NULL UND ETWAS), Christine K\u00f6nig Galerie, Vienna<\/td><\/tr><tr><td>2016<\/td><td>APPROACHING ZERO, Appreciation Exhibition, \u00d6BV Atrium, Vienna<\/td><\/tr><tr><td>2015<\/td><td>WALZER, Exhibition of Magda Csutak and Mikl\u00f3s Erd\u00e9ly (retrospective of 1985), acb Gal\u00e9ria, Budapest<\/td><\/tr><tr><td>2014<\/td><td>SUM ZERO, Galerie Splitter Art, Vienna<br>\nAPPROACHING ZERO, MAGMA Contemporary Art Space,<br>\nSaint George (RO)<\/td><\/tr><tr><td>2011<\/td><td>Parallel exhibition: Magda Csutak, Ingo Nussbaumer, Vasarely Museum, Budapest<\/td><\/tr><tr><td>2006<\/td><td>EQUAL-INDIVIDUAL, Museum Kiscell \u2013 Municipal Picture Gallery, Budapest<\/td><\/tr><tr><td>2005<\/td><td>2B Gal\u00e9ria, Budapest (together with Janos Megyik)<\/td><\/tr><tr><td>2001<\/td><td>SiO<sub>2<\/sub> \u2013 Camera, Vienna (together with C\u00e9cile Dujarden)<\/td><\/tr><tr><td>2000<\/td><td>CONSEQUENCE AND STRENGTH, Hungarian Cultural Institute, Vienna, (together with S\u00e1rk\u00f6zi Pusztai \u00c9va, Waltraud Palme)<\/td><\/tr><tr><td>1995<\/td><td>STILL LIFE, Art Expo \u2013 Viziv\u00e1rosi Gal\u00e9ria, Budapest<\/td><\/tr><tr><td><\/td><td>THOUSAND 1 NANO, Galerie Station 3, Vienna<\/td><\/tr><tr><td>1992<\/td><td>THOUSAND 1 NANO, Budapest Gal\u00e9ria, Lajos utca, Budapest<\/td><\/tr><tr><td>1985<\/td><td>JEWISH-CHRISTIAN, atelier exhibition, Fuhrmanngasse, Vienna (together with Mikl\u00f3s Erd\u00e9ly)<\/td><\/tr><tr><td>1982<\/td><td>Postgassegalerie, Vienna<\/td><\/tr><tr><td>1970<\/td><td>Theatre of Sf. Gheorghe (RO)<\/td><\/tr><\/tbody><\/table><\/figure>\n\n\n\n<p><strong>Group exhibitions<\/strong><\/p>\n\n\n\n<figure class=\"wp-block-table\"><table class=\"has-fixed-layout\"><tbody><tr><td>2025-26<\/td><td>GRAPHICS IN EUROPE  The Graphic Editions of Galerie Lindner\/ Vienna<br>\n Vasarely Museum, Budapest<\/td><\/tr><tr><td>2025<\/td><td>EXPERIMENTUM, Art Center of Transylvania, Sf. Gheorghe, RO<\/td><\/tr><tr><td><\/td><td>Women\u2019s Quota 02. Women Artists, Creative Women from the Collection of the Ludwig Museum \u2013 Museum of Contemporary Art, Budapest<\/td><\/tr><tr><td><\/td><td>ARTGEN\u00c8VE, International Art Fair, Christine K\u00f6nig Galerie, Vienna<\/td><\/tr><tr><td>2024<\/td><td>Art Cologne, International Art Fair, Christine K\u00f6nig Galerie, Vienna<\/td><\/tr><tr><td>2024<\/td><td>Viennacontemporary, International Art Fair, Christine K\u00f6nig Galerie, Vienna<br>\n curated-by: Dr.Friedemann Malsch, Untold Narratives, Christine K\u00f6nig Galerie, Vienna<\/td><\/tr><\/tbody><\/table><\/figure>\n\n\n\n<figure class=\"wp-block-table\"><table class=\"has-fixed-layout\"><tbody><tr><td>2023-24<\/td><td>&#8220;ABSENCE &#8221; 80 years since the Holocaust in Northern Transilvania, Aluvial Project Space, Cluj-Napoca, RO<\/td><\/tr><\/tbody><\/table><\/figure>\n\n\n\n<figure class=\"wp-block-table\"><table class=\"has-fixed-layout\"><tbody><tr><td>2023-24<\/td><td>Graphics in Europe CONSTRUCTIVE CONCRETE CONCEPTUAL, Kammerhof Museum Gmunden<\/td><\/tr><tr><td>2024<\/td><td>Christine K\u00f6nig Galerie STAGE BREGENZ 2024<\/td><\/tr><tr><td>2023<\/td><td>HUMAN_NATURE,Mitgliederausstellung, K\u00fcnstlerhaus, Vienna<\/td><\/tr><tr><td>2021<\/td><td>CCC.Click,Connect,Collect, K\u00f6nig2, Vienna<\/td><\/tr><tr><td>2020<\/td><td>30 YEARS: A SHORT CENTURY, Online Exhibition, Christine K\u00f6nig Galerie <\/td><\/tr><tr><td><\/td><td>ARTGEN\u00c8VE, International Art Fair,<br>\nChristine K\u00f6nig Galerie, Vienna<\/td><\/tr><tr><td><\/td><td>HERCZEG KL\u00c1RA-PRIZE exhibition, Labor Gal\u00e9ria, Budapest<\/td><\/tr><tr><td><\/td><td>ME, MYSELF AND I, online exhibition, Christine K\u00f6nig Galerie, Vienna<\/td><\/tr><tr><td><\/td><td>HORTUS CONCLUSUS, sculpture park, Jagdschlossgasse 25, 1130 Vienna<\/td><\/tr><tr><td>2019<\/td><td>CONVERSATION, Franz Kerschbaum &amp; Magda Csutak,<br>\nChristine K\u00f6nig Galerie, Vienna<\/td><\/tr><tr><td><\/td><td>ART BR\u00dcSSELS, ART BRU37, Art Fair, Moln\u00e1r Ani Gal\u00e9ria<\/td><\/tr><tr><td><\/td><td>VIENNACONTEMPORARY, International Art Fair,<br>\nChristine K\u00f6nig Galerie, Vienna<\/td><\/tr><tr><td>2018<\/td><td>BRUCH SPUR ZEICHEN, Sabine M\u00fcller-Funk &amp; friends, Kunstraum Nestroyhof, Vienna, NOEDOK, St. P\u00f6lten<\/td><\/tr><tr><td><\/td><td>CONCRETE-WOMAN, Vienna, Female Artists and Concrete Art, curated by_Gerald A. Matt, Galerie Steinek, Vienna<\/td><\/tr><tr><td><\/td><td>THE 1990s, Setting 3: Mobile Art in a Mobile Market,<br>\nVienna Museum, MUSA<\/td><\/tr><tr><td>2017<\/td><td>THE POETRY OF SUCCINCTNESS, Artmark Galerie, Vienna<\/td><\/tr><tr><td><\/td><td>ABSTRAKTIONEN, Fotogalerie, Wien<\/td><\/tr><tr><td><\/td><td>POST CONTEMPORARY (POCO), Telep Gal\u00e9ria, Budapest<\/td><\/tr><tr><td><\/td><td>ART ENCOUNTERS \u2013 Production:Re:Production, MAGMA, Contemporary Art Biennale, Timisoara (RO)<\/td><\/tr><tr><td><\/td><td>KUNST ZIEHT KREISE, Artmark Galerie, Vienna<\/td><\/tr><tr><td>2016<\/td><td>MATZAH, 2B Gal\u00e9ria, Budapest<\/td><\/tr><tr><td><\/td><td>SYMMETRY FESTIVAL 2016 VIENNA \u2013 NON-EUCLIDEAN GEOMETRY, Collegium Hungaricum, Vienna<\/td><\/tr><tr><td>2015<\/td><td>DESTINY AND SYMBOL, Hungarian Art in Transylvania 1920-1990, Magyar Nemzeti Gal\u00e9ria (Hungarian National Gallery), Budapest<\/td><\/tr><tr><td><\/td><td>TOWARDS NEW FRONTIERS, EPS-HEP 2015 (High Energy Physics 2015), University of Vienna<\/td><\/tr><tr><td><\/td><td>JIFFYCHAT 03, K\u00fcnstlerhaus, Vienna<\/td><\/tr><tr><td><\/td><td>WHAT\u00b4S NEXT? WIENER WUNDERKAMMER 2015, TU, Vienna<\/td><\/tr><tr><td>2014<\/td><td>DIALOGUE OF SILENCE, Artmark Galerie, Vienna<br>\nKONSTRUKTIV + INTER + CONCRETE,<br>\n16 international artists \u2013 16 positions<br>\nM\u0171v\u00e9szetMalom (ArtMill), Szentendre (HU)<\/td><\/tr><tr><td>2013<\/td><td>THE SMALL FORMAT, Artmark Galerie, Vienna<br>\nCOCA (Constructive Open Structures Concrete Abstract), Artmark Galerie, Vienna<br>\nZEICHEN ZEICHEN, K\u00fcnstlerhaus, Vienna<\/td><\/tr><tr><td>2012<\/td><td>OSAS PLUS (The Open Structures Art Society),<br>\nVasarely Museum, Budapest<\/td><\/tr><tr><td>2009<\/td><td>THE BUJDOSO COLLECTION, Collegium Hungaricum, Vienna<br>\nCYCLE 4.0, Contemporary Art from Central Europe, Lilienfeld Abbey<br>\nCONCRETE ART CONNECTION, Concrete Art from Central Europe, Artmark Galerie, Vienna<br>\nIMAGINABLE \u2013 UNIMAGINABLE. Hypothesis Visual Transformations \/ A22 Gal\u00e9ria, Budapest<\/td><\/tr><tr><td>2008<\/td><td>Gmunden Symposiums f\u00fcr Concrete Art, a documentation,<br>\nLandesgalerie Linz<br>\nZEITRAUMZEIT, K\u00fcnstlerhaus, Vienna<\/td><\/tr><tr><td>2007<\/td><td>THE COLLECTION IN FOCUS, Ludwig M\u00fazeum, Budapest<\/td><\/tr><tr><td>2006<\/td><td>RE: MBRANDT 400 \u2013 Contemporary Hungarian Artists Respond, Sz\u00e9pm\u0171v\u00e9szeti M\u00fazeum (Museum of Fine Arts), Budapest<\/td><\/tr><tr><td>2005<\/td><td>SELF PORTRAIT, 2B Gal\u00e9ria, Budapest<\/td><\/tr><tr><td>2004<\/td><td>EUROPA FRIES, Mission Art Gallery, Vienna, Bratislava, Paris, Stuttgart, Berlin, Rome<br>\nTRANSEUROPA, Kulturverband, Favoriten, Vienna<\/td><\/tr><tr><td>2002<\/td><td>THE PLENTY OF VACUUM, Artmark Galerie, Spital am Pyhrn (AT)<br>\nA PROPOS PAPER, Galerie Gigant, Vienna<\/td><\/tr><tr><td>2001<\/td><td>THE UNDIVIDED FORM TO READ, ARTPool P60, Budapest<br>\nSiO<sub>2<\/sub>, Camera, Vienna<\/td><\/tr><tr><td>1999<\/td><td>THE THING WITH THE PHOTO, Museum auf Abruf, Vienna<br>\nSPATIO CHIARO, Arsenale, Venice<br>\nPERSPECTIVE, M\u0171csarnok (Kunsthalle), Budapest<br>\nOUR TWENTIETH CENTURY. HUNGARIAN ART OF THE TWENTIETH CENTURY, Cs\u00f3k Istv\u00e1n Gal\u00e9ria, Sz\u00e9kesfeh\u00e9rv\u00e1r (HU)<\/td><\/tr><tr><td>1998<\/td><td>GEOGRAPHY-GEOMETRY, Concrete Art on the Danube,<br>\nR\u00e1day Gal\u00e9ria, Budapest<\/td><\/tr><tr><td>1997<\/td><td>GEOGRAPHY-GEOMETRY, Concrete Art on the Danube, Galerie Peter Lindner, Vienna<br>\nCultural Centre Zichino Palace, Bratislava<br>\nJENSEITS VON KUNST (BEYOND ART), Neue Galerie am Landesmuseum Joanneum, Graz (AT)<\/td><\/tr><tr><td>1996<\/td><td>WORKS AND ATTITUDES 1990-1996. 20th Century Hungarian Art, Cs\u00f3k Istv\u00e1n Gal\u00e9ria, Sz\u00e9kesfeh\u00e9rv\u00e1r (HU)<br>\nGEOGRAPHY-GEOMETRY, Concrete Art on the Danube, Presentation, Albertina, Vienna<br>\nJENSEITS VON KUNST (BEYOND ART), Ludwig Museum, Budapest<br>\n4\u00d71, Leopold Bloom Gal\u00e9ria, Szombathely (HU)<\/td><\/tr><tr><td>1987<\/td><td>IN MEMORY OF THE JEWISH POGROM,<br>\nProtestant Church in Iserlon (DE)<\/td><\/tr><tr><td>1985<\/td><td>KALEIDOSKOP \u00b485, Hungarian Cultural Institute, Vienna<\/td><\/tr><tr><td>1982<\/td><td>HOMMAGE \u00c0 LA TERRE NATALE, M\u0171csarnok (Kunsthalle), Budapest<\/td><\/tr><tr><td>1981<\/td><td>TACTILITY \u2013 VISUALITY, space installation in the group exhibition \u201eAttitude\u201d, Gro\u00dfweikersdorf (AT)<\/td><\/tr><tr><td>1976<\/td><td>International Ceramics Exhibition, Sopot (PL)<\/td><\/tr><tr><td>1974<\/td><td>IV. International Ceramics Biennale, Vallauris (FR)<\/td><\/tr><\/tbody><\/table><\/figure>\n","protected":false},"excerpt":{"rendered":"<p>Magda CSUTAK (1945, Romania) 1964-70 Ion Andreescu Fine Arts Academy, Ceramics Class (RO) 1974-77 Associate of Research Institute for Optic Glass and Fine Ceramics in Bucharest 1977 Political Asylum in Austria since 1978 Member of Vienna K\u00fcnstlerhaus since 1979 Member of Paris Art Magazine \u201eMagyar M\u0171hely\u201d Awards 2019 Herczeg Kl\u00e1ra-Prize 2010 Munk\u00e1csy Mih\u00e1ly-Prize 1986 Austrian &#8230; <a title=\"BIOGRAPHY, EXHIBITIONS\" class=\"read-more\" href=\"https:\/\/www.magdacsutak.at\/?page_id=5\" aria-label=\"Read more about BIOGRAPHY, EXHIBITIONS\">Read more<\/a><\/p>\n","protected":false},"author":1,"featured_media":0,"parent":0,"menu_order":14,"comment_status":"closed","ping_status":"closed","template":"","meta":{"footnotes":""},"class_list":["post-5","page","type-page","status-publish"],"_links":{"self":[{"href":"https:\/\/www.magdacsutak.at\/index.php?rest_route=\/wp\/v2\/pages\/5","targetHints":{"allow":["GET"]}}],"collection":[{"href":"https:\/\/www.magdacsutak.at\/index.php?rest_route=\/wp\/v2\/pages"}],"about":[{"href":"https:\/\/www.magdacsutak.at\/index.php?rest_route=\/wp\/v2\/types\/page"}],"author":[{"embeddable":true,"href":"https:\/\/www.magdacsutak.at\/index.php?rest_route=\/wp\/v2\/users\/1"}],"replies":[{"embeddable":true,"href":"https:\/\/www.magdacsutak.at\/index.php?rest_route=%2Fwp%2Fv2%2Fcomments&post=5"}],"version-history":[{"count":321,"href":"https:\/\/www.magdacsutak.at\/index.php?rest_route=\/wp\/v2\/pages\/5\/revisions"}],"predecessor-version":[{"id":2094,"href":"https:\/\/www.magdacsutak.at\/index.php?rest_route=\/wp\/v2\/pages\/5\/revisions\/2094"}],"wp:attachment":[{"href":"https:\/\/www.magdacsutak.at\/index.php?rest_route=%2Fwp%2Fv2%2Fmedia&parent=5"}],"curies":[{"name":"wp","href":"https:\/\/api.w.org\/{rel}","templated":true}]}}